{"id":10522,"date":"2013-08-30T12:35:58","date_gmt":"2013-08-30T12:35:58","guid":{"rendered":"http:\/\/www.colegioangloavare.com.br\/site\/?page_id=10522"},"modified":"2017-01-05T12:44:49","modified_gmt":"2017-01-05T12:44:49","slug":"hinos","status":"publish","type":"page","link":"https:\/\/www.colegioangloavare.com.br\/site\/hinos\/","title":{"rendered":"Hinos"},"content":{"rendered":"<p>O Col\u00e9gio Universit\u00e1rio de Avar\u00e9 &#8211; Sistema Anglo de Ensino, disponibilizou uma \u00e1rea com os Hinos para voc\u00ea poder ouvir e tamb\u00e9m, fazer download.<\/p>\n<p><a href=\"http:\/\/colegioangloavare.com.br\/site\/musicas\/Hino_Colegio_Universitario_de_Avare.mp3\">Hino do Col\u00e9gio Universit\u00e1rio de Avar\u00e9<\/a><\/p>\n<audio class=\"wp-audio-shortcode\" id=\"audio-10522-1\" preload=\"none\" style=\"width: 100%;\" controls=\"controls\"><source type=\"audio\/mpeg\" src=\"http:\/\/colegioangloavare.com.br\/site\/musicas\/Hino_Colegio_Universitario_de_Avare.mp3?_=1\" \/><a href=\"http:\/\/colegioangloavare.com.br\/site\/musicas\/Hino_Colegio_Universitario_de_Avare.mp3\">http:\/\/colegioangloavare.com.br\/site\/musicas\/Hino_Colegio_Universitario_de_Avare.mp3<\/a><\/audio>\n<p>&nbsp;<\/p>\n<p><a href=\"http:\/\/colegioangloavare.com.br\/site\/musicas\/Hino_Nacional_Brasileiro.mp3\">Hino Nacional Brasileiro<\/a><\/p>\n<audio class=\"wp-audio-shortcode\" id=\"audio-10522-2\" preload=\"none\" style=\"width: 100%;\" controls=\"controls\"><source type=\"audio\/mpeg\" src=\"http:\/\/colegioangloavare.com.br\/site\/musicas\/Hino_Nacional_Brasileiro.mp3?_=2\" \/><a href=\"http:\/\/colegioangloavare.com.br\/site\/musicas\/Hino_Nacional_Brasileiro.mp3\">http:\/\/colegioangloavare.com.br\/site\/musicas\/Hino_Nacional_Brasileiro.mp3<\/a><\/audio>\n<p>&nbsp;<\/p>\n<p><a href=\"http:\/\/colegioangloavare.com.br\/site\/musicas\/Hino_a_Bandeira.mp3\">Hino \u00e0 Bandeira<\/a><\/p>\n<audio class=\"wp-audio-shortcode\" id=\"audio-10522-3\" preload=\"none\" style=\"width: 100%;\" controls=\"controls\"><source type=\"audio\/mpeg\" src=\"http:\/\/colegioangloavare.com.br\/site\/musicas\/Hino_a_Bandeira.mp3?_=3\" \/><a href=\"http:\/\/colegioangloavare.com.br\/site\/musicas\/Hino_a_Bandeira.mp3\">http:\/\/colegioangloavare.com.br\/site\/musicas\/Hino_a_Bandeira.mp3<\/a><\/audio>\n<p>&nbsp;<\/p>\n<p><a href=\"http:\/\/colegioangloavare.com.br\/site\/musicas\/Hino_da_Independencia_do_Brasil.mp3\">Hino da Independ\u00eancia do Brasil<\/a><\/p>\n<audio class=\"wp-audio-shortcode\" id=\"audio-10522-4\" preload=\"none\" style=\"width: 100%;\" controls=\"controls\"><source type=\"audio\/mpeg\" src=\"http:\/\/colegioangloavare.com.br\/site\/musicas\/Hino_da_Independencia_do_Brasil.mp3?_=4\" \/><a href=\"http:\/\/colegioangloavare.com.br\/site\/musicas\/Hino_da_Independencia_do_Brasil.mp3\">http:\/\/colegioangloavare.com.br\/site\/musicas\/Hino_da_Independencia_do_Brasil.mp3<\/a><\/audio>\n<p>&nbsp;<\/p>\n<p><a href=\"http:\/\/colegioangloavare.com.br\/site\/musicas\/Hino_da_Proclamacao_da_Republica.mp3\">Hino da Proclama\u00e7\u00e3o da Rep\u00fablica<\/a><\/p>\n<audio class=\"wp-audio-shortcode\" id=\"audio-10522-5\" preload=\"none\" style=\"width: 100%;\" controls=\"controls\"><source type=\"audio\/mpeg\" src=\"http:\/\/colegioangloavare.com.br\/site\/musicas\/Hino_da_Proclamacao_da_Republica.mp3?_=5\" \/><a href=\"http:\/\/colegioangloavare.com.br\/site\/musicas\/Hino_da_Proclamacao_da_Republica.mp3\">http:\/\/colegioangloavare.com.br\/site\/musicas\/Hino_da_Proclamacao_da_Republica.mp3<\/a><\/audio>\n<p>&nbsp;<\/p>\n<p><a href=\"http:\/\/colegioangloavare.com.br\/site\/musicas\/Hino_de_Avare.mp3\">Hino de Avar\u00e9<\/a><\/p>\n<audio class=\"wp-audio-shortcode\" id=\"audio-10522-6\" preload=\"none\" style=\"width: 100%;\" controls=\"controls\"><source type=\"audio\/mpeg\" src=\"http:\/\/colegioangloavare.com.br\/site\/musicas\/Hino_de_Avare.mp3?_=6\" \/><a href=\"http:\/\/colegioangloavare.com.br\/site\/musicas\/Hino_de_Avare.mp3\">http:\/\/colegioangloavare.com.br\/site\/musicas\/Hino_de_Avare.mp3<\/a><\/audio>\n<p>&nbsp;<\/p>\n<p>&nbsp;<\/p>\n<p>&nbsp;<\/p>\n<p>&nbsp;<\/p>\n","protected":false},"excerpt":{"rendered":"<p>O Col\u00e9gio Universit\u00e1rio de Avar\u00e9 &#8211; Sistema Anglo de Ensino, disponibilizou uma \u00e1rea com os Hinos para voc\u00ea poder ouvir e tamb\u00e9m, fazer download. Hino do Col\u00e9gio Universit\u00e1rio de Avar\u00e9 http:\/\/colegioangloavare.com.br\/site\/musicas\/Hino_Colegio_Universitario_de_Avare.mp3 &nbsp;<a class=\"moretag\" href=\"https:\/\/www.colegioangloavare.com.br\/site\/hinos\/\">Read More&#8230;<\/a><\/p>\n","protected":false},"author":3,"featured_media":0,"parent":0,"menu_order":0,"comment_status":"closed","ping_status":"closed","template":"","meta":{"cybocfi_hide_featured_image":"","footnotes":""},"class_list":["post-10522","page","type-page","status-publish","hentry"],"yoast_head":"<!-- This site is optimized with the Yoast SEO plugin v27.4 - https:\/\/yoast.com\/product\/yoast-seo-wordpress\/ -->\n<title>Hinos - ANGLO AVAR\u00c9<\/title>\n<meta name=\"description\" content=\"O Col\u00e9gio Universit\u00e1rio de Avar\u00e9 - Sistema Anglo de Ensino, disponibilizou uma \u00e1rea com os Hinos para voc\u00ea poder ouvir e tamb\u00e9m, fazer download.\" \/>\n<meta name=\"robots\" content=\"index, follow, max-snippet:-1, max-image-preview:large, max-video-preview:-1\" \/>\n<link rel=\"canonical\" href=\"https:\/\/www.colegioangloavare.com.br\/site\/hinos\/\" \/>\n<meta property=\"og:locale\" content=\"pt_BR\" \/>\n<meta property=\"og:type\" content=\"article\" \/>\n<meta property=\"og:title\" content=\"Hinos - ANGLO AVAR\u00c9\" \/>\n<meta property=\"og:description\" content=\"O Col\u00e9gio Universit\u00e1rio de Avar\u00e9 - Sistema Anglo de Ensino, disponibilizou uma \u00e1rea com os Hinos para voc\u00ea poder ouvir e tamb\u00e9m, fazer download.\" \/>\n<meta property=\"og:url\" content=\"https:\/\/www.colegioangloavare.com.br\/site\/hinos\/\" \/>\n<meta property=\"og:site_name\" content=\"ANGLO AVAR\u00c9\" \/>\n<meta property=\"article:modified_time\" content=\"2017-01-05T12:44:49+00:00\" \/>\n<meta name=\"twitter:label1\" content=\"Est. tempo de leitura\" \/>\n\t<meta name=\"twitter:data1\" content=\"1 minuto\" \/>\n<script type=\"application\/ld+json\" class=\"yoast-schema-graph\">{\"@context\":\"https:\\\/\\\/schema.org\",\"@graph\":[{\"@type\":\"WebPage\",\"@id\":\"https:\\\/\\\/www.colegioangloavare.com.br\\\/site\\\/hinos\\\/\",\"url\":\"https:\\\/\\\/www.colegioangloavare.com.br\\\/site\\\/hinos\\\/\",\"name\":\"Hinos - ANGLO AVAR\u00c9\",\"isPartOf\":{\"@id\":\"https:\\\/\\\/www.colegioangloavare.com.br\\\/site\\\/#website\"},\"datePublished\":\"2013-08-30T12:35:58+00:00\",\"dateModified\":\"2017-01-05T12:44:49+00:00\",\"description\":\"O Col\u00e9gio Universit\u00e1rio de Avar\u00e9 - Sistema Anglo de Ensino, disponibilizou uma \u00e1rea com os Hinos para voc\u00ea poder ouvir e tamb\u00e9m, fazer download.\",\"breadcrumb\":{\"@id\":\"https:\\\/\\\/www.colegioangloavare.com.br\\\/site\\\/hinos\\\/#breadcrumb\"},\"inLanguage\":\"pt-BR\",\"potentialAction\":[{\"@type\":\"ReadAction\",\"target\":[\"https:\\\/\\\/www.colegioangloavare.com.br\\\/site\\\/hinos\\\/\"]}]},{\"@type\":\"BreadcrumbList\",\"@id\":\"https:\\\/\\\/www.colegioangloavare.com.br\\\/site\\\/hinos\\\/#breadcrumb\",\"itemListElement\":[{\"@type\":\"ListItem\",\"position\":1,\"name\":\"In\u00edcio\",\"item\":\"https:\\\/\\\/www.colegioangloavare.com.br\\\/site\\\/\"},{\"@type\":\"ListItem\",\"position\":2,\"name\":\"Hinos\"}]},{\"@type\":\"WebSite\",\"@id\":\"https:\\\/\\\/www.colegioangloavare.com.br\\\/site\\\/#website\",\"url\":\"https:\\\/\\\/www.colegioangloavare.com.br\\\/site\\\/\",\"name\":\"ANGLO AVAR\u00c9\",\"description\":\"Para os melhores professores, o melhor conte\u00fado. No Anglo, tudo come\u00e7a na sala de aula.\",\"potentialAction\":[{\"@type\":\"SearchAction\",\"target\":{\"@type\":\"EntryPoint\",\"urlTemplate\":\"https:\\\/\\\/www.colegioangloavare.com.br\\\/site\\\/?s={search_term_string}\"},\"query-input\":{\"@type\":\"PropertyValueSpecification\",\"valueRequired\":true,\"valueName\":\"search_term_string\"}}],\"inLanguage\":\"pt-BR\"}]}<\/script>\n<!-- \/ Yoast SEO plugin. -->","yoast_head_json":{"title":"Hinos - ANGLO AVAR\u00c9","description":"O Col\u00e9gio Universit\u00e1rio de Avar\u00e9 - Sistema Anglo de Ensino, disponibilizou uma \u00e1rea com os Hinos para voc\u00ea poder ouvir e tamb\u00e9m, fazer download.","robots":{"index":"index","follow":"follow","max-snippet":"max-snippet:-1","max-image-preview":"max-image-preview:large","max-video-preview":"max-video-preview:-1"},"canonical":"https:\/\/www.colegioangloavare.com.br\/site\/hinos\/","og_locale":"pt_BR","og_type":"article","og_title":"Hinos - ANGLO AVAR\u00c9","og_description":"O Col\u00e9gio Universit\u00e1rio de Avar\u00e9 - Sistema Anglo de Ensino, disponibilizou uma \u00e1rea com os Hinos para voc\u00ea poder ouvir e tamb\u00e9m, fazer download.","og_url":"https:\/\/www.colegioangloavare.com.br\/site\/hinos\/","og_site_name":"ANGLO AVAR\u00c9","article_modified_time":"2017-01-05T12:44:49+00:00","twitter_misc":{"Est. tempo de leitura":"1 minuto"},"schema":{"@context":"https:\/\/schema.org","@graph":[{"@type":"WebPage","@id":"https:\/\/www.colegioangloavare.com.br\/site\/hinos\/","url":"https:\/\/www.colegioangloavare.com.br\/site\/hinos\/","name":"Hinos - ANGLO AVAR\u00c9","isPartOf":{"@id":"https:\/\/www.colegioangloavare.com.br\/site\/#website"},"datePublished":"2013-08-30T12:35:58+00:00","dateModified":"2017-01-05T12:44:49+00:00","description":"O Col\u00e9gio Universit\u00e1rio de Avar\u00e9 - Sistema Anglo de Ensino, disponibilizou uma \u00e1rea com os Hinos para voc\u00ea poder ouvir e tamb\u00e9m, fazer download.","breadcrumb":{"@id":"https:\/\/www.colegioangloavare.com.br\/site\/hinos\/#breadcrumb"},"inLanguage":"pt-BR","potentialAction":[{"@type":"ReadAction","target":["https:\/\/www.colegioangloavare.com.br\/site\/hinos\/"]}]},{"@type":"BreadcrumbList","@id":"https:\/\/www.colegioangloavare.com.br\/site\/hinos\/#breadcrumb","itemListElement":[{"@type":"ListItem","position":1,"name":"In\u00edcio","item":"https:\/\/www.colegioangloavare.com.br\/site\/"},{"@type":"ListItem","position":2,"name":"Hinos"}]},{"@type":"WebSite","@id":"https:\/\/www.colegioangloavare.com.br\/site\/#website","url":"https:\/\/www.colegioangloavare.com.br\/site\/","name":"ANGLO AVAR\u00c9","description":"Para os melhores professores, o melhor conte\u00fado. No Anglo, tudo come\u00e7a na sala de aula.","potentialAction":[{"@type":"SearchAction","target":{"@type":"EntryPoint","urlTemplate":"https:\/\/www.colegioangloavare.com.br\/site\/?s={search_term_string}"},"query-input":{"@type":"PropertyValueSpecification","valueRequired":true,"valueName":"search_term_string"}}],"inLanguage":"pt-BR"}]}},"jetpack_sharing_enabled":true,"_links":{"self":[{"href":"https:\/\/www.colegioangloavare.com.br\/site\/wp-json\/wp\/v2\/pages\/10522","targetHints":{"allow":["GET"]}}],"collection":[{"href":"https:\/\/www.colegioangloavare.com.br\/site\/wp-json\/wp\/v2\/pages"}],"about":[{"href":"https:\/\/www.colegioangloavare.com.br\/site\/wp-json\/wp\/v2\/types\/page"}],"author":[{"embeddable":true,"href":"https:\/\/www.colegioangloavare.com.br\/site\/wp-json\/wp\/v2\/users\/3"}],"replies":[{"embeddable":true,"href":"https:\/\/www.colegioangloavare.com.br\/site\/wp-json\/wp\/v2\/comments?post=10522"}],"version-history":[{"count":11,"href":"https:\/\/www.colegioangloavare.com.br\/site\/wp-json\/wp\/v2\/pages\/10522\/revisions"}],"predecessor-version":[{"id":19807,"href":"https:\/\/www.colegioangloavare.com.br\/site\/wp-json\/wp\/v2\/pages\/10522\/revisions\/19807"}],"wp:attachment":[{"href":"https:\/\/www.colegioangloavare.com.br\/site\/wp-json\/wp\/v2\/media?parent=10522"}],"curies":[{"name":"wp","href":"https:\/\/api.w.org\/{rel}","templated":true}]}}