{"id":15,"date":"2013-02-04T13:23:49","date_gmt":"2013-02-04T13:23:49","guid":{"rendered":"http:\/\/www.colegioangloavare.com.br\/site\/?page_id=15"},"modified":"2024-05-06T14:40:41","modified_gmt":"2024-05-06T17:40:41","slug":"ensino-fundamental-ii","status":"publish","type":"page","link":"https:\/\/www.colegioangloavare.com.br\/site\/ensino-fundamental-ii\/","title":{"rendered":"Ensino Fundamental II"},"content":{"rendered":"<p><strong>S\u00e3o objetivos espec\u00edficos do Ensino Fundamental:<\/strong><\/p>\n<p>I &#8211; Forma\u00e7\u00e3o b\u00e1sica do educando mediante:<br \/>\n&#8211; Desenvolvimento da capacidade de aprender, levando ao pleno dom\u00ednio da leitura, escrita e c\u00e1lculo.<\/p>\n<p>&#8211; A compreens\u00e3o do ambiente natural e social, da tecnologia, das artes e dos valores fundamentais da sociedade.<\/p>\n<p>&#8211; A forma\u00e7\u00e3o de atitudes e valores, o fortalecimento dos v\u00ednculos de fam\u00edlia, dos la\u00e7os de solidariedade, liberdade, criatividade, coopera\u00e7\u00e3o e respeito.<\/p>\n<p>II &#8211; capacita\u00e7\u00e3o do educando, atrav\u00e9s de suas atividades, a adquirir e desenvolver os conhecimentos atualizados, que lhe permitam interagir no mundo que o cerca.<\/p>\n<p>III &#8211; desenvolvimento de atividades pedag\u00f3gicas integradas, cont\u00ednuas e progressivas que atenda as caracter\u00edsticas bio-psico-sociais do educando.<\/p>\n","protected":false},"excerpt":{"rendered":"<p>S\u00e3o objetivos espec\u00edficos do Ensino Fundamental: I &#8211; Forma\u00e7\u00e3o b\u00e1sica do educando mediante: &#8211; Desenvolvimento da capacidade de aprender, levando ao pleno dom\u00ednio da leitura, escrita e c\u00e1lculo. &#8211; A compreens\u00e3o do<a class=\"moretag\" href=\"https:\/\/www.colegioangloavare.com.br\/site\/ensino-fundamental-ii\/\">Read More&#8230;<\/a><\/p>\n","protected":false},"author":3,"featured_media":0,"parent":0,"menu_order":0,"comment_status":"closed","ping_status":"closed","template":"","meta":{"cybocfi_hide_featured_image":"","footnotes":""},"class_list":["post-15","page","type-page","status-publish","hentry"],"yoast_head":"<!-- This site is optimized with the Yoast SEO plugin v27.3 - https:\/\/yoast.com\/product\/yoast-seo-wordpress\/ -->\n<title>Ensino Fundamental 2 - Anglo Avar\u00e9<\/title>\n<meta name=\"description\" content=\"O melhor sistema de ensino para seu filho.\" \/>\n<meta name=\"robots\" content=\"index, follow, max-snippet:-1, max-image-preview:large, max-video-preview:-1\" \/>\n<link rel=\"canonical\" href=\"https:\/\/www.colegioangloavare.com.br\/site\/ensino-fundamental-ii\/\" \/>\n<meta property=\"og:locale\" content=\"pt_BR\" \/>\n<meta property=\"og:type\" content=\"article\" \/>\n<meta property=\"og:title\" content=\"Ensino Fundamental 2 - Anglo Avar\u00e9\" \/>\n<meta property=\"og:description\" content=\"O melhor sistema de ensino para seu filho.\" \/>\n<meta property=\"og:url\" content=\"https:\/\/www.colegioangloavare.com.br\/site\/ensino-fundamental-ii\/\" \/>\n<meta property=\"og:site_name\" content=\"ANGLO AVAR\u00c9\" \/>\n<meta property=\"article:modified_time\" content=\"2024-05-06T17:40:41+00:00\" \/>\n<meta name=\"twitter:label1\" content=\"Est. tempo de leitura\" \/>\n\t<meta name=\"twitter:data1\" content=\"1 minuto\" \/>\n<script type=\"application\/ld+json\" class=\"yoast-schema-graph\">{\"@context\":\"https:\\\/\\\/schema.org\",\"@graph\":[{\"@type\":\"WebPage\",\"@id\":\"https:\\\/\\\/www.colegioangloavare.com.br\\\/site\\\/ensino-fundamental-ii\\\/\",\"url\":\"https:\\\/\\\/www.colegioangloavare.com.br\\\/site\\\/ensino-fundamental-ii\\\/\",\"name\":\"Ensino Fundamental 2 - Anglo Avar\u00e9\",\"isPartOf\":{\"@id\":\"https:\\\/\\\/www.colegioangloavare.com.br\\\/site\\\/#website\"},\"datePublished\":\"2013-02-04T13:23:49+00:00\",\"dateModified\":\"2024-05-06T17:40:41+00:00\",\"description\":\"O melhor sistema de ensino para seu filho.\",\"breadcrumb\":{\"@id\":\"https:\\\/\\\/www.colegioangloavare.com.br\\\/site\\\/ensino-fundamental-ii\\\/#breadcrumb\"},\"inLanguage\":\"pt-BR\",\"potentialAction\":[{\"@type\":\"ReadAction\",\"target\":[\"https:\\\/\\\/www.colegioangloavare.com.br\\\/site\\\/ensino-fundamental-ii\\\/\"]}]},{\"@type\":\"BreadcrumbList\",\"@id\":\"https:\\\/\\\/www.colegioangloavare.com.br\\\/site\\\/ensino-fundamental-ii\\\/#breadcrumb\",\"itemListElement\":[{\"@type\":\"ListItem\",\"position\":1,\"name\":\"In\u00edcio\",\"item\":\"https:\\\/\\\/www.colegioangloavare.com.br\\\/site\\\/\"},{\"@type\":\"ListItem\",\"position\":2,\"name\":\"Ensino Fundamental II\"}]},{\"@type\":\"WebSite\",\"@id\":\"https:\\\/\\\/www.colegioangloavare.com.br\\\/site\\\/#website\",\"url\":\"https:\\\/\\\/www.colegioangloavare.com.br\\\/site\\\/\",\"name\":\"ANGLO AVAR\u00c9\",\"description\":\"Para os melhores professores, o melhor conte\u00fado. No Anglo, tudo come\u00e7a na sala de aula.\",\"potentialAction\":[{\"@type\":\"SearchAction\",\"target\":{\"@type\":\"EntryPoint\",\"urlTemplate\":\"https:\\\/\\\/www.colegioangloavare.com.br\\\/site\\\/?s={search_term_string}\"},\"query-input\":{\"@type\":\"PropertyValueSpecification\",\"valueRequired\":true,\"valueName\":\"search_term_string\"}}],\"inLanguage\":\"pt-BR\"}]}<\/script>\n<!-- \/ Yoast SEO plugin. -->","yoast_head_json":{"title":"Ensino Fundamental 2 - Anglo Avar\u00e9","description":"O melhor sistema de ensino para seu filho.","robots":{"index":"index","follow":"follow","max-snippet":"max-snippet:-1","max-image-preview":"max-image-preview:large","max-video-preview":"max-video-preview:-1"},"canonical":"https:\/\/www.colegioangloavare.com.br\/site\/ensino-fundamental-ii\/","og_locale":"pt_BR","og_type":"article","og_title":"Ensino Fundamental 2 - Anglo Avar\u00e9","og_description":"O melhor sistema de ensino para seu filho.","og_url":"https:\/\/www.colegioangloavare.com.br\/site\/ensino-fundamental-ii\/","og_site_name":"ANGLO AVAR\u00c9","article_modified_time":"2024-05-06T17:40:41+00:00","twitter_misc":{"Est. tempo de leitura":"1 minuto"},"schema":{"@context":"https:\/\/schema.org","@graph":[{"@type":"WebPage","@id":"https:\/\/www.colegioangloavare.com.br\/site\/ensino-fundamental-ii\/","url":"https:\/\/www.colegioangloavare.com.br\/site\/ensino-fundamental-ii\/","name":"Ensino Fundamental 2 - Anglo Avar\u00e9","isPartOf":{"@id":"https:\/\/www.colegioangloavare.com.br\/site\/#website"},"datePublished":"2013-02-04T13:23:49+00:00","dateModified":"2024-05-06T17:40:41+00:00","description":"O melhor sistema de ensino para seu filho.","breadcrumb":{"@id":"https:\/\/www.colegioangloavare.com.br\/site\/ensino-fundamental-ii\/#breadcrumb"},"inLanguage":"pt-BR","potentialAction":[{"@type":"ReadAction","target":["https:\/\/www.colegioangloavare.com.br\/site\/ensino-fundamental-ii\/"]}]},{"@type":"BreadcrumbList","@id":"https:\/\/www.colegioangloavare.com.br\/site\/ensino-fundamental-ii\/#breadcrumb","itemListElement":[{"@type":"ListItem","position":1,"name":"In\u00edcio","item":"https:\/\/www.colegioangloavare.com.br\/site\/"},{"@type":"ListItem","position":2,"name":"Ensino Fundamental II"}]},{"@type":"WebSite","@id":"https:\/\/www.colegioangloavare.com.br\/site\/#website","url":"https:\/\/www.colegioangloavare.com.br\/site\/","name":"ANGLO AVAR\u00c9","description":"Para os melhores professores, o melhor conte\u00fado. No Anglo, tudo come\u00e7a na sala de aula.","potentialAction":[{"@type":"SearchAction","target":{"@type":"EntryPoint","urlTemplate":"https:\/\/www.colegioangloavare.com.br\/site\/?s={search_term_string}"},"query-input":{"@type":"PropertyValueSpecification","valueRequired":true,"valueName":"search_term_string"}}],"inLanguage":"pt-BR"}]}},"jetpack_sharing_enabled":true,"_links":{"self":[{"href":"https:\/\/www.colegioangloavare.com.br\/site\/wp-json\/wp\/v2\/pages\/15","targetHints":{"allow":["GET"]}}],"collection":[{"href":"https:\/\/www.colegioangloavare.com.br\/site\/wp-json\/wp\/v2\/pages"}],"about":[{"href":"https:\/\/www.colegioangloavare.com.br\/site\/wp-json\/wp\/v2\/types\/page"}],"author":[{"embeddable":true,"href":"https:\/\/www.colegioangloavare.com.br\/site\/wp-json\/wp\/v2\/users\/3"}],"replies":[{"embeddable":true,"href":"https:\/\/www.colegioangloavare.com.br\/site\/wp-json\/wp\/v2\/comments?post=15"}],"version-history":[{"count":1,"href":"https:\/\/www.colegioangloavare.com.br\/site\/wp-json\/wp\/v2\/pages\/15\/revisions"}],"predecessor-version":[{"id":16,"href":"https:\/\/www.colegioangloavare.com.br\/site\/wp-json\/wp\/v2\/pages\/15\/revisions\/16"}],"wp:attachment":[{"href":"https:\/\/www.colegioangloavare.com.br\/site\/wp-json\/wp\/v2\/media?parent=15"}],"curies":[{"name":"wp","href":"https:\/\/api.w.org\/{rel}","templated":true}]}}