{"id":17,"date":"2013-02-04T13:27:59","date_gmt":"2013-02-04T13:27:59","guid":{"rendered":"http:\/\/www.colegioangloavare.com.br\/site\/?page_id=17"},"modified":"2017-02-08T13:31:40","modified_gmt":"2017-02-08T13:31:40","slug":"ensino-medio","status":"publish","type":"page","link":"https:\/\/www.colegioangloavare.com.br\/site\/ensino-medio\/","title":{"rendered":"Ensino M\u00e9dio"},"content":{"rendered":"<p><strong>O Ensino M\u00e9dio tem a dura\u00e7\u00e3o m\u00ednima de 03 anos e 2400 horas, visa proporcionar ao educando:<\/strong><\/p>\n<p>I &#8211; A consolida\u00e7\u00e3o e o aprofundamento dos conhecimentos adquiridos, possibilitando o prosseguimento de estudos.<\/p>\n<p>II &#8211; A prepara\u00e7\u00e3o b\u00e1sica para o trabalho e a cidadania.<\/p>\n<p>III &#8211; A capacidade de adapta\u00e7\u00e3o ou aperfei\u00e7oamento posteriores.<\/p>\n<p>IV &#8211; O aprimoramento como pessoa humana desenvolvendo a autonomia intelectual, a forma\u00e7\u00e3o \u00e9tica e o pensamento cr\u00edtico.<\/p>\n<p>V &#8211; A compreens\u00e3o dos fundamentos cient\u00edfico-tecnol\u00f3gicos dos processos produtivos, relacionando a teoria com a pr\u00e1tica.<\/p>\n<p>VI &#8211; Atendimento ao aluno em todas as suas potencialidades dispondo de recursos que satisfa\u00e7am suas necessidades, para que domine a realidade.<\/p>\n","protected":false},"excerpt":{"rendered":"<p>O Ensino M\u00e9dio tem a dura\u00e7\u00e3o m\u00ednima de 03 anos e 2400 horas, visa proporcionar ao educando: I &#8211; A consolida\u00e7\u00e3o e o aprofundamento dos conhecimentos adquiridos, possibilitando o prosseguimento de estudos.<a class=\"moretag\" href=\"https:\/\/www.colegioangloavare.com.br\/site\/ensino-medio\/\">Read More&#8230;<\/a><\/p>\n","protected":false},"author":3,"featured_media":0,"parent":0,"menu_order":0,"comment_status":"closed","ping_status":"closed","template":"","meta":{"cybocfi_hide_featured_image":"","footnotes":""},"class_list":["post-17","page","type-page","status-publish","hentry"],"yoast_head":"<!-- This site is optimized with the Yoast SEO plugin v27.3 - https:\/\/yoast.com\/product\/yoast-seo-wordpress\/ -->\n<title>Ensino M\u00e9dio - Anglo Avar\u00e9<\/title>\n<meta name=\"description\" content=\"O melhor sistema de ensino para seu filho. Acesse agora e conhe\u00e7a. Fone: 14 - 3711 1828\" \/>\n<meta name=\"robots\" content=\"index, follow, max-snippet:-1, max-image-preview:large, max-video-preview:-1\" \/>\n<link rel=\"canonical\" href=\"https:\/\/www.colegioangloavare.com.br\/site\/ensino-medio\/\" \/>\n<meta property=\"og:locale\" content=\"pt_BR\" \/>\n<meta property=\"og:type\" content=\"article\" \/>\n<meta property=\"og:title\" content=\"Ensino M\u00e9dio - Anglo Avar\u00e9\" \/>\n<meta property=\"og:description\" content=\"O melhor sistema de ensino para seu filho. Acesse agora e conhe\u00e7a. Fone: 14 - 3711 1828\" \/>\n<meta property=\"og:url\" content=\"https:\/\/www.colegioangloavare.com.br\/site\/ensino-medio\/\" \/>\n<meta property=\"og:site_name\" content=\"ANGLO AVAR\u00c9\" \/>\n<meta property=\"article:modified_time\" content=\"2017-02-08T13:31:40+00:00\" \/>\n<meta name=\"twitter:label1\" content=\"Est. tempo de leitura\" \/>\n\t<meta name=\"twitter:data1\" content=\"1 minuto\" \/>\n<script type=\"application\/ld+json\" class=\"yoast-schema-graph\">{\"@context\":\"https:\\\/\\\/schema.org\",\"@graph\":[{\"@type\":\"WebPage\",\"@id\":\"https:\\\/\\\/www.colegioangloavare.com.br\\\/site\\\/ensino-medio\\\/\",\"url\":\"https:\\\/\\\/www.colegioangloavare.com.br\\\/site\\\/ensino-medio\\\/\",\"name\":\"Ensino M\u00e9dio - Anglo Avar\u00e9\",\"isPartOf\":{\"@id\":\"https:\\\/\\\/www.colegioangloavare.com.br\\\/site\\\/#website\"},\"datePublished\":\"2013-02-04T13:27:59+00:00\",\"dateModified\":\"2017-02-08T13:31:40+00:00\",\"description\":\"O melhor sistema de ensino para seu filho. Acesse agora e conhe\u00e7a. Fone: 14 - 3711 1828\",\"breadcrumb\":{\"@id\":\"https:\\\/\\\/www.colegioangloavare.com.br\\\/site\\\/ensino-medio\\\/#breadcrumb\"},\"inLanguage\":\"pt-BR\",\"potentialAction\":[{\"@type\":\"ReadAction\",\"target\":[\"https:\\\/\\\/www.colegioangloavare.com.br\\\/site\\\/ensino-medio\\\/\"]}]},{\"@type\":\"BreadcrumbList\",\"@id\":\"https:\\\/\\\/www.colegioangloavare.com.br\\\/site\\\/ensino-medio\\\/#breadcrumb\",\"itemListElement\":[{\"@type\":\"ListItem\",\"position\":1,\"name\":\"In\u00edcio\",\"item\":\"https:\\\/\\\/www.colegioangloavare.com.br\\\/site\\\/\"},{\"@type\":\"ListItem\",\"position\":2,\"name\":\"Ensino M\u00e9dio\"}]},{\"@type\":\"WebSite\",\"@id\":\"https:\\\/\\\/www.colegioangloavare.com.br\\\/site\\\/#website\",\"url\":\"https:\\\/\\\/www.colegioangloavare.com.br\\\/site\\\/\",\"name\":\"ANGLO AVAR\u00c9\",\"description\":\"Para os melhores professores, o melhor conte\u00fado. No Anglo, tudo come\u00e7a na sala de aula.\",\"potentialAction\":[{\"@type\":\"SearchAction\",\"target\":{\"@type\":\"EntryPoint\",\"urlTemplate\":\"https:\\\/\\\/www.colegioangloavare.com.br\\\/site\\\/?s={search_term_string}\"},\"query-input\":{\"@type\":\"PropertyValueSpecification\",\"valueRequired\":true,\"valueName\":\"search_term_string\"}}],\"inLanguage\":\"pt-BR\"}]}<\/script>\n<!-- \/ Yoast SEO plugin. -->","yoast_head_json":{"title":"Ensino M\u00e9dio - Anglo Avar\u00e9","description":"O melhor sistema de ensino para seu filho. Acesse agora e conhe\u00e7a. Fone: 14 - 3711 1828","robots":{"index":"index","follow":"follow","max-snippet":"max-snippet:-1","max-image-preview":"max-image-preview:large","max-video-preview":"max-video-preview:-1"},"canonical":"https:\/\/www.colegioangloavare.com.br\/site\/ensino-medio\/","og_locale":"pt_BR","og_type":"article","og_title":"Ensino M\u00e9dio - Anglo Avar\u00e9","og_description":"O melhor sistema de ensino para seu filho. Acesse agora e conhe\u00e7a. Fone: 14 - 3711 1828","og_url":"https:\/\/www.colegioangloavare.com.br\/site\/ensino-medio\/","og_site_name":"ANGLO AVAR\u00c9","article_modified_time":"2017-02-08T13:31:40+00:00","twitter_misc":{"Est. tempo de leitura":"1 minuto"},"schema":{"@context":"https:\/\/schema.org","@graph":[{"@type":"WebPage","@id":"https:\/\/www.colegioangloavare.com.br\/site\/ensino-medio\/","url":"https:\/\/www.colegioangloavare.com.br\/site\/ensino-medio\/","name":"Ensino M\u00e9dio - Anglo Avar\u00e9","isPartOf":{"@id":"https:\/\/www.colegioangloavare.com.br\/site\/#website"},"datePublished":"2013-02-04T13:27:59+00:00","dateModified":"2017-02-08T13:31:40+00:00","description":"O melhor sistema de ensino para seu filho. Acesse agora e conhe\u00e7a. Fone: 14 - 3711 1828","breadcrumb":{"@id":"https:\/\/www.colegioangloavare.com.br\/site\/ensino-medio\/#breadcrumb"},"inLanguage":"pt-BR","potentialAction":[{"@type":"ReadAction","target":["https:\/\/www.colegioangloavare.com.br\/site\/ensino-medio\/"]}]},{"@type":"BreadcrumbList","@id":"https:\/\/www.colegioangloavare.com.br\/site\/ensino-medio\/#breadcrumb","itemListElement":[{"@type":"ListItem","position":1,"name":"In\u00edcio","item":"https:\/\/www.colegioangloavare.com.br\/site\/"},{"@type":"ListItem","position":2,"name":"Ensino M\u00e9dio"}]},{"@type":"WebSite","@id":"https:\/\/www.colegioangloavare.com.br\/site\/#website","url":"https:\/\/www.colegioangloavare.com.br\/site\/","name":"ANGLO AVAR\u00c9","description":"Para os melhores professores, o melhor conte\u00fado. No Anglo, tudo come\u00e7a na sala de aula.","potentialAction":[{"@type":"SearchAction","target":{"@type":"EntryPoint","urlTemplate":"https:\/\/www.colegioangloavare.com.br\/site\/?s={search_term_string}"},"query-input":{"@type":"PropertyValueSpecification","valueRequired":true,"valueName":"search_term_string"}}],"inLanguage":"pt-BR"}]}},"jetpack_sharing_enabled":true,"_links":{"self":[{"href":"https:\/\/www.colegioangloavare.com.br\/site\/wp-json\/wp\/v2\/pages\/17","targetHints":{"allow":["GET"]}}],"collection":[{"href":"https:\/\/www.colegioangloavare.com.br\/site\/wp-json\/wp\/v2\/pages"}],"about":[{"href":"https:\/\/www.colegioangloavare.com.br\/site\/wp-json\/wp\/v2\/types\/page"}],"author":[{"embeddable":true,"href":"https:\/\/www.colegioangloavare.com.br\/site\/wp-json\/wp\/v2\/users\/3"}],"replies":[{"embeddable":true,"href":"https:\/\/www.colegioangloavare.com.br\/site\/wp-json\/wp\/v2\/comments?post=17"}],"version-history":[{"count":1,"href":"https:\/\/www.colegioangloavare.com.br\/site\/wp-json\/wp\/v2\/pages\/17\/revisions"}],"predecessor-version":[{"id":18,"href":"https:\/\/www.colegioangloavare.com.br\/site\/wp-json\/wp\/v2\/pages\/17\/revisions\/18"}],"wp:attachment":[{"href":"https:\/\/www.colegioangloavare.com.br\/site\/wp-json\/wp\/v2\/media?parent=17"}],"curies":[{"name":"wp","href":"https:\/\/api.w.org\/{rel}","templated":true}]}}