{"id":19798,"date":"2017-01-05T11:39:29","date_gmt":"2017-01-05T11:39:29","guid":{"rendered":"http:\/\/www.colegioangloavare.com.br\/site\/?page_id=19798"},"modified":"2024-03-15T14:21:07","modified_gmt":"2024-03-15T17:21:07","slug":"horarios","status":"publish","type":"page","link":"https:\/\/www.colegioangloavare.com.br\/site\/horarios\/","title":{"rendered":"Hor\u00e1rios"},"content":{"rendered":"<p>&nbsp;<\/p>\n<table style=\"width: 609px;\">\n<tbody>\n<tr style=\"background-color: #1e73be;\">\n<td style=\"width: 600px;\"><strong><span style=\"color: #ffffff;\">\u00a0Hor\u00e1rio de aulas<\/span><\/strong><\/td>\n<\/tr>\n<\/tbody>\n<\/table>\n<p><span style=\"color: #003366;\"><b><i>MANH\u00c3<\/i><\/b><\/span><\/p>\n<p style=\"background: white; margin: 0cm 0cm 18.0pt 0cm;\"><span style=\"font-size: 12pt; color: #000000;\"><em><span style=\"font-family: Helvetica, sans-serif;\">Ed. Infantil:\u00a0<\/span><\/em><span style=\"font-family: Helvetica, sans-serif;\"> 3 e 4 \u2013 das 7h30min \u00e0s 12h<\/span><\/span><\/p>\n<p><i>Ens. Fundamental I: <\/i>1\u00ba ao 5\u00ba ano \u2013 das 7h \u00e0s 11h50min<\/p>\n<p><em>Ens. Fundamental II<\/em>: 6\u00ba ao 9\u00ba ano \u2013 das 7h \u00e0s 12h35min<\/p>\n<p><em>Ens. M\u00e9dio<\/em>: 1\u00ba ao 3\u00ba ano \u2013 das 7h \u00e0s 12h35min<\/p>\n<p><span style=\"color: #003366;\"><b><i>TARDE<\/i><\/b><\/span><\/p>\n<p><i>Ed. Infantil: <\/i>13h \u00e0s 17h30min<\/p>\n<p><i>Ens. Fundamental I: <\/i>1\u00ba ao 5\u00ba ano \u2013 das 13h \u00e0s 17h50min<\/p>\n<p style=\"background: white; margin: 0cm 0cm 18.0pt 0cm;\"><span style=\"font-size: 12pt; color: #000000;\"><em><span style=\"font-family: Helvetica, sans-serif;\">Ens.<\/span><\/em><span style=\"font-family: Helvetica, sans-serif;\"><em>\u00a0M\u00e9dio:<\/em>\u00a03 dias \/ semana \u2013 4 dias \/ semana \u2013 das 14h \u00e0s 16h30min<\/span><\/span><\/p>\n<p><i>\u00a0 \u00a0 \u00a0 \u00a0 \u00a0 \u00a0 \u00a0 \u00a0 \u00a0\u00a0<\/i><\/p>\n<table style=\"width: 616px;\">\n<tbody>\n<tr style=\"background-color: #1e73be;\">\n<td style=\"width: 607px;\"><span style=\"color: #ffffff;\"><strong>\u00a0Hor\u00e1rios de expediente interno<\/strong><\/span><\/td>\n<\/tr>\n<\/tbody>\n<\/table>\n<p>Coordena\u00e7\u00e3o Educa\u00e7\u00e3o Infantil: das 8h \u00e0s 12h e das 13h \u00e0s 17h.<\/p>\n<p>Coordena\u00e7\u00e3o Ensino Fundamental I: das 8h \u00e0s 12h e das 13h \u00e0s 17h.<\/p>\n<p>Coordena\u00e7\u00e3o Ensino Fundamental II: 7h30min \u00e0s 12h30min.<\/p>\n<p>Ensino M\u00e9dio: 7h \u00e0s 12h e das 13h \u00e0s 16h<\/p>\n<p>Secretaria do Col\u00e9gio: 8h \u00e0s 17h<\/p>\n<p>Protocolo: 8h \u00e0s 21h30min.<\/p>\n<p>&nbsp;<\/p>\n<p>&nbsp;<\/p>\n","protected":false},"excerpt":{"rendered":"<p>&nbsp; \u00a0Hor\u00e1rio de aulas MANH\u00c3 Ed. Infantil:\u00a0 3 e 4 \u2013 das 7h30min \u00e0s 12h Ens. Fundamental I: 1\u00ba ao 5\u00ba ano \u2013 das 7h \u00e0s 11h50min Ens. Fundamental II: 6\u00ba ao<a class=\"moretag\" href=\"https:\/\/www.colegioangloavare.com.br\/site\/horarios\/\">Read More&#8230;<\/a><\/p>\n","protected":false},"author":3,"featured_media":0,"parent":0,"menu_order":0,"comment_status":"closed","ping_status":"closed","template":"","meta":{"footnotes":""},"class_list":["post-19798","page","type-page","status-publish","hentry"],"yoast_head":"<!-- This site is optimized with the Yoast SEO plugin v27.2 - https:\/\/yoast.com\/product\/yoast-seo-wordpress\/ -->\n<title>Hor\u00e1rios - ANGLO AVAR\u00c9<\/title>\n<meta name=\"robots\" content=\"index, follow, max-snippet:-1, max-image-preview:large, max-video-preview:-1\" \/>\n<link rel=\"canonical\" href=\"https:\/\/www.colegioangloavare.com.br\/site\/horarios\/\" \/>\n<meta property=\"og:locale\" content=\"pt_BR\" \/>\n<meta property=\"og:type\" content=\"article\" \/>\n<meta property=\"og:title\" content=\"Hor\u00e1rios - ANGLO AVAR\u00c9\" \/>\n<meta property=\"og:description\" content=\"&nbsp; \u00a0Hor\u00e1rio de aulas MANH\u00c3 Ed. Infantil:\u00a0 3 e 4 \u2013 das 7h30min \u00e0s 12h Ens. Fundamental I: 1\u00ba ao 5\u00ba ano \u2013 das 7h \u00e0s 11h50min Ens. Fundamental II: 6\u00ba aoRead More...\" \/>\n<meta property=\"og:url\" content=\"https:\/\/www.colegioangloavare.com.br\/site\/horarios\/\" \/>\n<meta property=\"og:site_name\" content=\"ANGLO AVAR\u00c9\" \/>\n<meta property=\"article:modified_time\" content=\"2024-03-15T17:21:07+00:00\" \/>\n<meta name=\"twitter:label1\" content=\"Est. tempo de leitura\" \/>\n\t<meta name=\"twitter:data1\" content=\"1 minuto\" \/>\n<script type=\"application\/ld+json\" class=\"yoast-schema-graph\">{\"@context\":\"https:\/\/schema.org\",\"@graph\":[{\"@type\":\"WebPage\",\"@id\":\"https:\/\/www.colegioangloavare.com.br\/site\/horarios\/\",\"url\":\"https:\/\/www.colegioangloavare.com.br\/site\/horarios\/\",\"name\":\"Hor\u00e1rios - ANGLO AVAR\u00c9\",\"isPartOf\":{\"@id\":\"https:\/\/www.colegioangloavare.com.br\/site\/#website\"},\"datePublished\":\"2017-01-05T11:39:29+00:00\",\"dateModified\":\"2024-03-15T17:21:07+00:00\",\"breadcrumb\":{\"@id\":\"https:\/\/www.colegioangloavare.com.br\/site\/horarios\/#breadcrumb\"},\"inLanguage\":\"pt-BR\",\"potentialAction\":[{\"@type\":\"ReadAction\",\"target\":[\"https:\/\/www.colegioangloavare.com.br\/site\/horarios\/\"]}]},{\"@type\":\"BreadcrumbList\",\"@id\":\"https:\/\/www.colegioangloavare.com.br\/site\/horarios\/#breadcrumb\",\"itemListElement\":[{\"@type\":\"ListItem\",\"position\":1,\"name\":\"In\u00edcio\",\"item\":\"https:\/\/www.colegioangloavare.com.br\/site\/\"},{\"@type\":\"ListItem\",\"position\":2,\"name\":\"Hor\u00e1rios\"}]},{\"@type\":\"WebSite\",\"@id\":\"https:\/\/www.colegioangloavare.com.br\/site\/#website\",\"url\":\"https:\/\/www.colegioangloavare.com.br\/site\/\",\"name\":\"ANGLO AVAR\u00c9\",\"description\":\"Para os melhores professores, o melhor conte\u00fado. No Anglo, tudo come\u00e7a na sala de aula.\",\"potentialAction\":[{\"@type\":\"SearchAction\",\"target\":{\"@type\":\"EntryPoint\",\"urlTemplate\":\"https:\/\/www.colegioangloavare.com.br\/site\/?s={search_term_string}\"},\"query-input\":{\"@type\":\"PropertyValueSpecification\",\"valueRequired\":true,\"valueName\":\"search_term_string\"}}],\"inLanguage\":\"pt-BR\"}]}<\/script>\n<!-- \/ Yoast SEO plugin. -->","yoast_head_json":{"title":"Hor\u00e1rios - ANGLO AVAR\u00c9","robots":{"index":"index","follow":"follow","max-snippet":"max-snippet:-1","max-image-preview":"max-image-preview:large","max-video-preview":"max-video-preview:-1"},"canonical":"https:\/\/www.colegioangloavare.com.br\/site\/horarios\/","og_locale":"pt_BR","og_type":"article","og_title":"Hor\u00e1rios - ANGLO AVAR\u00c9","og_description":"&nbsp; \u00a0Hor\u00e1rio de aulas MANH\u00c3 Ed. Infantil:\u00a0 3 e 4 \u2013 das 7h30min \u00e0s 12h Ens. Fundamental I: 1\u00ba ao 5\u00ba ano \u2013 das 7h \u00e0s 11h50min Ens. Fundamental II: 6\u00ba aoRead More...","og_url":"https:\/\/www.colegioangloavare.com.br\/site\/horarios\/","og_site_name":"ANGLO AVAR\u00c9","article_modified_time":"2024-03-15T17:21:07+00:00","twitter_misc":{"Est. tempo de leitura":"1 minuto"},"schema":{"@context":"https:\/\/schema.org","@graph":[{"@type":"WebPage","@id":"https:\/\/www.colegioangloavare.com.br\/site\/horarios\/","url":"https:\/\/www.colegioangloavare.com.br\/site\/horarios\/","name":"Hor\u00e1rios - ANGLO AVAR\u00c9","isPartOf":{"@id":"https:\/\/www.colegioangloavare.com.br\/site\/#website"},"datePublished":"2017-01-05T11:39:29+00:00","dateModified":"2024-03-15T17:21:07+00:00","breadcrumb":{"@id":"https:\/\/www.colegioangloavare.com.br\/site\/horarios\/#breadcrumb"},"inLanguage":"pt-BR","potentialAction":[{"@type":"ReadAction","target":["https:\/\/www.colegioangloavare.com.br\/site\/horarios\/"]}]},{"@type":"BreadcrumbList","@id":"https:\/\/www.colegioangloavare.com.br\/site\/horarios\/#breadcrumb","itemListElement":[{"@type":"ListItem","position":1,"name":"In\u00edcio","item":"https:\/\/www.colegioangloavare.com.br\/site\/"},{"@type":"ListItem","position":2,"name":"Hor\u00e1rios"}]},{"@type":"WebSite","@id":"https:\/\/www.colegioangloavare.com.br\/site\/#website","url":"https:\/\/www.colegioangloavare.com.br\/site\/","name":"ANGLO AVAR\u00c9","description":"Para os melhores professores, o melhor conte\u00fado. No Anglo, tudo come\u00e7a na sala de aula.","potentialAction":[{"@type":"SearchAction","target":{"@type":"EntryPoint","urlTemplate":"https:\/\/www.colegioangloavare.com.br\/site\/?s={search_term_string}"},"query-input":{"@type":"PropertyValueSpecification","valueRequired":true,"valueName":"search_term_string"}}],"inLanguage":"pt-BR"}]}},"jetpack_sharing_enabled":true,"_links":{"self":[{"href":"https:\/\/www.colegioangloavare.com.br\/site\/wp-json\/wp\/v2\/pages\/19798","targetHints":{"allow":["GET"]}}],"collection":[{"href":"https:\/\/www.colegioangloavare.com.br\/site\/wp-json\/wp\/v2\/pages"}],"about":[{"href":"https:\/\/www.colegioangloavare.com.br\/site\/wp-json\/wp\/v2\/types\/page"}],"author":[{"embeddable":true,"href":"https:\/\/www.colegioangloavare.com.br\/site\/wp-json\/wp\/v2\/users\/3"}],"replies":[{"embeddable":true,"href":"https:\/\/www.colegioangloavare.com.br\/site\/wp-json\/wp\/v2\/comments?post=19798"}],"version-history":[{"count":13,"href":"https:\/\/www.colegioangloavare.com.br\/site\/wp-json\/wp\/v2\/pages\/19798\/revisions"}],"predecessor-version":[{"id":33287,"href":"https:\/\/www.colegioangloavare.com.br\/site\/wp-json\/wp\/v2\/pages\/19798\/revisions\/33287"}],"wp:attachment":[{"href":"https:\/\/www.colegioangloavare.com.br\/site\/wp-json\/wp\/v2\/media?parent=19798"}],"curies":[{"name":"wp","href":"https:\/\/api.w.org\/{rel}","templated":true}]}}