{"id":29980,"date":"2021-03-11T13:13:28","date_gmt":"2021-03-11T16:13:28","guid":{"rendered":"http:\/\/www.colegioangloavare.com.br\/site\/?page_id=29980"},"modified":"2021-03-11T13:41:13","modified_gmt":"2021-03-11T16:41:13","slug":"nucleo-psicopedagogico","status":"publish","type":"page","link":"https:\/\/www.colegioangloavare.com.br\/site\/nucleo-psicopedagogico\/","title":{"rendered":"N\u00facleo Psicopedag\u00f3gico"},"content":{"rendered":"<h5>Informa\u00e7\u00f5es de Abordagens para Orienta\u00e7\u00e3o \u00e0s Fam\u00edlias na Forma\u00e7\u00e3o e Educa\u00e7\u00e3o\u00a0 dos Filhos<\/h5>\n<p>Psic\u00f3loga N\u00e9lbea Maria Ferezin<\/p>\n<p>A comunica\u00e7\u00e3o feita via rede mundial de computadores \u00e9 uma grande conquista do conhecimento humano. Uma ci\u00eancia que agregou enormes vantagens \u00e0 pesquisa escolar, lazer e entretenimento para o jovem. Mas navegar na Internet com seguran\u00e7a e crit\u00e9rios \u00e9 uma necessidade absoluta. Por isso os pais devem se envolver neste mundo fascinante, monitorando os sites por onde seus filhos navegam e estando alertas para os in\u00fameros perigos que, comprovadamente, existem Para isso existem in\u00fameros sites que auxiliam nesta tarefa e que relacionamos abaixo. Seria de grande aux\u00edlio na educa\u00e7\u00e3o de seus filhos, com rela\u00e7\u00e3o \u00e0 navega\u00e7\u00e3o segura, se voc\u00ea se inteirasse destes conte\u00fados. Acesse cada um deles e aproveite as dicas para estar tranquilo com rela\u00e7\u00e3o \u00e0 navega\u00e7\u00e3o das crian\u00e7as e adolescentes.<\/p>\n<p>Para fazer den\u00fancia ou informar sua suspeita, voc\u00ea pode dirigir-se \u00e0s autoridades policiais ou optar pelos seguintes endere\u00e7os:<\/p>\n<p>www.cedeca.org.br Centro de Defesa da Crian\u00e7a e do Adolescente<\/p>\n<p>www.censura.com.br Companhia Nacional de Combate \u00e0 Pedofilia na Internet<\/p>\n<p>www.denunciar.org.br \/ www.dpf.gov.br Departamento da Pol\u00edcia Federal (Coloque sua den\u00fancia clicando \u201cFale conosco\u201d ou pelo e-mail dcs@dpf.gov.br<\/p>\n<p>www.mj.gov.br Minist\u00e9rio da Justi\u00e7a \u2013 Aceita den\u00fancia mediante envio de e-mail para crime.internet@dpf.gov.br ou clicando em \u201cFale conosco\u201d para preenchimento e envio de formul\u00e1rio.<\/p>\n<p>www.rndh.gov.br Rede Nacional de Direitos Humanos \u2013 Grande base de dados com contatos para den\u00fancia contra racismo e tamb\u00e9m viol\u00eancia contra a crian\u00e7a<\/p>\n<p>www.andi.org.br\/denuncie P\u00e1ginas de den\u00fancias da ANDI \u2013 V\u00e1rios links para den\u00fancias de racismo e pedofilia, entre outros crimes.<\/p>\n<p>www.portalkids.org.br Kids Den\u00fancia \u2013 Site exclusivo para den\u00fancias contra pedofilia<\/p>\n<p>Sites para informa\u00e7\u00f5es sobre bloqueadores de sites de conte\u00fados na Internet e programas de prote\u00e7\u00e3o:<br \/>\nhttp:\/\/idgnow.uol.com.br<\/p>\n<p>www.safernet.gov.br<\/p>\n<p>www.terrasoft.com.br\/portbloker<\/p>\n<p>Sites de apoio (sobre pedofilia e pornografia infantil):<br \/>\nwww.abranet.com.br<\/p>\n<p>www.abrapia.org.br<\/p>\n<p>www.abtos.org.br<\/p>\n<p>www.cecria.org.br<\/p>\n<p>www.cedeca.org.br<\/p>\n<p>www.censura.com.br<\/p>\n<p>www.denuncie.org.br<\/p>\n<p>www.dpf.gov.br<\/p>\n<p>www.safernet.org.br<\/p>\n<p>www.violenciasexual.org.br<\/p>\n<p>Sites para navega\u00e7\u00e3o de crian\u00e7as e adolescentes, com seguran\u00e7a e muita divers\u00e3o.<br \/>\nwww.canalkids.com.br P\u00e1gina com jogos, hist\u00f3rias e muito mais<\/p>\n<p>www.ziraldo.com.br Hist\u00f3ria do menino maluquinho<\/p>\n<p>www.monica.com.br Excelente e divertido trabalho de Maur\u00edcio de Souza<\/p>\n<p>&nbsp;<\/p>\n<div class=\"entry-content\">\n<h4>Bibliografia<\/h4>\n<p>ALBUQUERQUE, Roberto Chacon. \u201cCombate \u00e0 pornografia infanto-juvenil na Internet\u201d<br \/>\nRevista de Derecho Inform\u00e1tico, no 26, set de 2000 (on-line)<br \/>\nDispon\u00edvel em http:www.alfa-redi.org\/miembro.shtm &lt;http:\/\/www.alfa-redi.org\/miembro.shtm&gt;<\/p>\n<p>BRASIL. Minist\u00e9rio da Justi\u00e7a. Pesquisa sobre tr\u00e1fico de mulheres, crian\u00e7as e adolescentes para fins de explora\u00e7\u00e3o sexual comercial (on-line) Dispon\u00edvel em &lt;http:\/\/www.mj.gov.br\/trafico\/default.asp&gt;<\/p>\n<p>COMPANHIA NACIONAL DE COMBATE \u00c0 PEDOFILIA NA INTERNET. Anderson e Roseane Miranda. www.censura.com.br &lt;http:\/\/www.censura.com.br\/&gt;<\/p>\n<p>GUAR\u00c1, Isa Maria F. Rosa. \u201cO crime n\u00e3o compensa mas n\u00e3o admite falhas: padr\u00f5es moraisde jovens autores de infra\u00e7\u00e3o. Tese (Doutorado em Servi\u00e7o Social) Pontif\u00edcia Universidade Cat\u00f3lica de S\u00e3o Paulo, 2000<\/p>\n<p>JESUS, Neusa Francisca . \u201cA cidadania do adolescente na contexto de pr\u00e1ticas institucionais\u201d. Tese (Doutorado em Ci\u00eancias Sociais) \u2013 Pontif\u00edcia Universidade Cat\u00f3lica de S\u00e3o Paulo, 1998.<\/p>\n<p>LIB\u00d3RIO, Renata M.C.Souza, S\u00f4nia M.Gomes (Orgs) \u201cA explora\u00e7\u00e3o sexual de crian\u00e7as e adolescentes no Brasil. S\u00e3o Paulo: Casa do Psic\u00f3logo, 2004, p.78<\/p>\n<p>MIRANDA, Roseane G.S. Documento-base:Uso da Internet \u2013 cuidados com a pedofilia \u2013 WCF-Brasil, 2006<\/p>\n<p>PALMER, Tink, STACEY, Lisa. \u201cJust one click:sexual abuse of children and Young people trough the internet and mobile phone technology. Ilford:Barnado`s 2004.<\/p>\n<p>REVISTA VEJA. \u201cGin\u00e1stica para o c\u00e9rebro\u201d S\u00e3o Paulo: abril, no 1938, p.66, jan 2006.<br \/>\nSANDERSON, Christiane. \u201cAbuso sexual em crian\u00e7as: fortalecendo pais e professores para proteger crian\u00e7as de abusos sexuais. S\u00e3o Paulo M.Books do Brasil, 2005.<\/p>\n<p>SAY\u00c3O, Rosely, AQUINO, J\u00falio G. \u201cFam\u00edlia:modos de usar\u201d Campinas: Papirus, 2006<\/p>\n<p>ZAGURY, T\u00e2nia. \u201cLimites sem Trauma.\u201d Rio de Janeiro: Record, 2001<\/p>\n<p>\u201cQUEM AMA, EDUCA\u201d TIBA, I\u00e7ami \u2013 Ed.Integrare<\/p>\n<p>\u201cQUEMAMA, EDUCA \/ ADOLESCENTES\u201d TIBA, I\u00e7ami \u2013 Ed.Integrare<\/p>\n<p>\u201cCOMO EDUCAR SEU FILHO?\u201d SAY\u00c3O, Rosely. Ed.Publifolha<\/p>\n<p>\u201cESCOLA SEM CONFLITO \u2013 PARCERIA COM OS PAIS\u201d ZAGURY, T\u00e2nia \u2013 Ed. Record<\/p>\n<p>\u201cCRIAN\u00c7AS ESTRESSADAS \u2013 CAUSAS, SINTOMAS E SOLU\u00c7\u00d5ES\u201d LIPP, Marilda E. Novaes (Org \u2013 Inclui CD para relaxamento infantil) Ed. Papirus<\/p>\n<p>\u201cA CRIAN\u00c7A, O LAR E A ESCOLA\u201d WEIL, Pierre -Ed.Vozes<\/p>\n<p>\u2018DISCIPLINA, LIMITE NA MEDIDA CERTA\u201d TIBA, I\u00e7ami -Ed. Integrare<\/p>\n<p>\u201cLIMITES SEM TRAUMA\u201d ZAGURY, T\u00e2nia -Ed. Record<\/p>\n<p>\u201cFILHOS \u2013 DA GRAVIDEZ AOS 2 ANOS DE IDADE\u201d LOPEZ, Fabio Ancona, CAMPOS, Diocl\u00e9cio \u2013 Ed. Manole<\/p>\n<p>\u201cFILHOS \u2013 DE 2 A 10 ANOS DE IDADE\u201d LOPEZ, Fabio Ancona, CAMPOS, Diocl\u00e9cio \u2013 Ed. Manole<\/p>\n<p>\u201cFILHOS \u2013 ADOLESCENTES DE 10 A 20 ANOS DE IDADE\u201d LOPEZ, Fabio Ancona, CAMPOS, Diocl\u00e9cio \u2013 Ed. Manole<\/p>\n<\/div>\n","protected":false},"excerpt":{"rendered":"<p>Informa\u00e7\u00f5es de Abordagens para Orienta\u00e7\u00e3o \u00e0s Fam\u00edlias na Forma\u00e7\u00e3o e Educa\u00e7\u00e3o\u00a0 dos Filhos Psic\u00f3loga N\u00e9lbea Maria Ferezin A comunica\u00e7\u00e3o feita via rede mundial de computadores \u00e9 uma grande conquista do conhecimento humano.<a class=\"moretag\" href=\"https:\/\/www.colegioangloavare.com.br\/site\/nucleo-psicopedagogico\/\">Read More&#8230;<\/a><\/p>\n","protected":false},"author":3,"featured_media":0,"parent":0,"menu_order":0,"comment_status":"closed","ping_status":"closed","template":"","meta":{"cybocfi_hide_featured_image":"","footnotes":""},"class_list":["post-29980","page","type-page","status-publish","hentry"],"yoast_head":"<!-- This site is optimized with the Yoast SEO plugin v27.4 - https:\/\/yoast.com\/product\/yoast-seo-wordpress\/ -->\n<title>N\u00facleo Psicopedag\u00f3gico - ANGLO AVAR\u00c9<\/title>\n<meta name=\"robots\" content=\"index, follow, max-snippet:-1, max-image-preview:large, max-video-preview:-1\" \/>\n<link rel=\"canonical\" href=\"https:\/\/www.colegioangloavare.com.br\/site\/nucleo-psicopedagogico\/\" \/>\n<meta property=\"og:locale\" content=\"pt_BR\" \/>\n<meta property=\"og:type\" content=\"article\" \/>\n<meta property=\"og:title\" content=\"N\u00facleo Psicopedag\u00f3gico - ANGLO AVAR\u00c9\" \/>\n<meta property=\"og:description\" content=\"Informa\u00e7\u00f5es de Abordagens para Orienta\u00e7\u00e3o \u00e0s Fam\u00edlias na Forma\u00e7\u00e3o e Educa\u00e7\u00e3o\u00a0 dos Filhos Psic\u00f3loga N\u00e9lbea Maria Ferezin A comunica\u00e7\u00e3o feita via rede mundial de computadores \u00e9 uma grande conquista do conhecimento humano.Read More...\" \/>\n<meta property=\"og:url\" content=\"https:\/\/www.colegioangloavare.com.br\/site\/nucleo-psicopedagogico\/\" \/>\n<meta property=\"og:site_name\" content=\"ANGLO AVAR\u00c9\" \/>\n<meta property=\"article:modified_time\" content=\"2021-03-11T16:41:13+00:00\" \/>\n<meta name=\"twitter:label1\" content=\"Est. tempo de leitura\" \/>\n\t<meta name=\"twitter:data1\" content=\"4 minutos\" \/>\n<script type=\"application\/ld+json\" class=\"yoast-schema-graph\">{\"@context\":\"https:\\\/\\\/schema.org\",\"@graph\":[{\"@type\":\"WebPage\",\"@id\":\"https:\\\/\\\/www.colegioangloavare.com.br\\\/site\\\/nucleo-psicopedagogico\\\/\",\"url\":\"https:\\\/\\\/www.colegioangloavare.com.br\\\/site\\\/nucleo-psicopedagogico\\\/\",\"name\":\"N\u00facleo Psicopedag\u00f3gico - ANGLO AVAR\u00c9\",\"isPartOf\":{\"@id\":\"https:\\\/\\\/www.colegioangloavare.com.br\\\/site\\\/#website\"},\"datePublished\":\"2021-03-11T16:13:28+00:00\",\"dateModified\":\"2021-03-11T16:41:13+00:00\",\"breadcrumb\":{\"@id\":\"https:\\\/\\\/www.colegioangloavare.com.br\\\/site\\\/nucleo-psicopedagogico\\\/#breadcrumb\"},\"inLanguage\":\"pt-BR\",\"potentialAction\":[{\"@type\":\"ReadAction\",\"target\":[\"https:\\\/\\\/www.colegioangloavare.com.br\\\/site\\\/nucleo-psicopedagogico\\\/\"]}]},{\"@type\":\"BreadcrumbList\",\"@id\":\"https:\\\/\\\/www.colegioangloavare.com.br\\\/site\\\/nucleo-psicopedagogico\\\/#breadcrumb\",\"itemListElement\":[{\"@type\":\"ListItem\",\"position\":1,\"name\":\"In\u00edcio\",\"item\":\"https:\\\/\\\/www.colegioangloavare.com.br\\\/site\\\/\"},{\"@type\":\"ListItem\",\"position\":2,\"name\":\"N\u00facleo Psicopedag\u00f3gico\"}]},{\"@type\":\"WebSite\",\"@id\":\"https:\\\/\\\/www.colegioangloavare.com.br\\\/site\\\/#website\",\"url\":\"https:\\\/\\\/www.colegioangloavare.com.br\\\/site\\\/\",\"name\":\"ANGLO AVAR\u00c9\",\"description\":\"Para os melhores professores, o melhor conte\u00fado. No Anglo, tudo come\u00e7a na sala de aula.\",\"potentialAction\":[{\"@type\":\"SearchAction\",\"target\":{\"@type\":\"EntryPoint\",\"urlTemplate\":\"https:\\\/\\\/www.colegioangloavare.com.br\\\/site\\\/?s={search_term_string}\"},\"query-input\":{\"@type\":\"PropertyValueSpecification\",\"valueRequired\":true,\"valueName\":\"search_term_string\"}}],\"inLanguage\":\"pt-BR\"}]}<\/script>\n<!-- \/ Yoast SEO plugin. -->","yoast_head_json":{"title":"N\u00facleo Psicopedag\u00f3gico - ANGLO AVAR\u00c9","robots":{"index":"index","follow":"follow","max-snippet":"max-snippet:-1","max-image-preview":"max-image-preview:large","max-video-preview":"max-video-preview:-1"},"canonical":"https:\/\/www.colegioangloavare.com.br\/site\/nucleo-psicopedagogico\/","og_locale":"pt_BR","og_type":"article","og_title":"N\u00facleo Psicopedag\u00f3gico - ANGLO AVAR\u00c9","og_description":"Informa\u00e7\u00f5es de Abordagens para Orienta\u00e7\u00e3o \u00e0s Fam\u00edlias na Forma\u00e7\u00e3o e Educa\u00e7\u00e3o\u00a0 dos Filhos Psic\u00f3loga N\u00e9lbea Maria Ferezin A comunica\u00e7\u00e3o feita via rede mundial de computadores \u00e9 uma grande conquista do conhecimento humano.Read More...","og_url":"https:\/\/www.colegioangloavare.com.br\/site\/nucleo-psicopedagogico\/","og_site_name":"ANGLO AVAR\u00c9","article_modified_time":"2021-03-11T16:41:13+00:00","twitter_misc":{"Est. tempo de leitura":"4 minutos"},"schema":{"@context":"https:\/\/schema.org","@graph":[{"@type":"WebPage","@id":"https:\/\/www.colegioangloavare.com.br\/site\/nucleo-psicopedagogico\/","url":"https:\/\/www.colegioangloavare.com.br\/site\/nucleo-psicopedagogico\/","name":"N\u00facleo Psicopedag\u00f3gico - ANGLO AVAR\u00c9","isPartOf":{"@id":"https:\/\/www.colegioangloavare.com.br\/site\/#website"},"datePublished":"2021-03-11T16:13:28+00:00","dateModified":"2021-03-11T16:41:13+00:00","breadcrumb":{"@id":"https:\/\/www.colegioangloavare.com.br\/site\/nucleo-psicopedagogico\/#breadcrumb"},"inLanguage":"pt-BR","potentialAction":[{"@type":"ReadAction","target":["https:\/\/www.colegioangloavare.com.br\/site\/nucleo-psicopedagogico\/"]}]},{"@type":"BreadcrumbList","@id":"https:\/\/www.colegioangloavare.com.br\/site\/nucleo-psicopedagogico\/#breadcrumb","itemListElement":[{"@type":"ListItem","position":1,"name":"In\u00edcio","item":"https:\/\/www.colegioangloavare.com.br\/site\/"},{"@type":"ListItem","position":2,"name":"N\u00facleo Psicopedag\u00f3gico"}]},{"@type":"WebSite","@id":"https:\/\/www.colegioangloavare.com.br\/site\/#website","url":"https:\/\/www.colegioangloavare.com.br\/site\/","name":"ANGLO AVAR\u00c9","description":"Para os melhores professores, o melhor conte\u00fado. No Anglo, tudo come\u00e7a na sala de aula.","potentialAction":[{"@type":"SearchAction","target":{"@type":"EntryPoint","urlTemplate":"https:\/\/www.colegioangloavare.com.br\/site\/?s={search_term_string}"},"query-input":{"@type":"PropertyValueSpecification","valueRequired":true,"valueName":"search_term_string"}}],"inLanguage":"pt-BR"}]}},"jetpack_sharing_enabled":true,"_links":{"self":[{"href":"https:\/\/www.colegioangloavare.com.br\/site\/wp-json\/wp\/v2\/pages\/29980","targetHints":{"allow":["GET"]}}],"collection":[{"href":"https:\/\/www.colegioangloavare.com.br\/site\/wp-json\/wp\/v2\/pages"}],"about":[{"href":"https:\/\/www.colegioangloavare.com.br\/site\/wp-json\/wp\/v2\/types\/page"}],"author":[{"embeddable":true,"href":"https:\/\/www.colegioangloavare.com.br\/site\/wp-json\/wp\/v2\/users\/3"}],"replies":[{"embeddable":true,"href":"https:\/\/www.colegioangloavare.com.br\/site\/wp-json\/wp\/v2\/comments?post=29980"}],"version-history":[{"count":3,"href":"https:\/\/www.colegioangloavare.com.br\/site\/wp-json\/wp\/v2\/pages\/29980\/revisions"}],"predecessor-version":[{"id":29989,"href":"https:\/\/www.colegioangloavare.com.br\/site\/wp-json\/wp\/v2\/pages\/29980\/revisions\/29989"}],"wp:attachment":[{"href":"https:\/\/www.colegioangloavare.com.br\/site\/wp-json\/wp\/v2\/media?parent=29980"}],"curies":[{"name":"wp","href":"https:\/\/api.w.org\/{rel}","templated":true}]}}