{"id":35,"date":"2013-02-06T10:49:12","date_gmt":"2013-02-06T10:49:12","guid":{"rendered":"http:\/\/www.colegioangloavare.com.br\/site\/?page_id=35"},"modified":"2026-03-18T15:32:59","modified_gmt":"2026-03-18T18:32:59","slug":"telefone","status":"publish","type":"page","link":"https:\/\/www.colegioangloavare.com.br\/site\/telefone\/","title":{"rendered":"Telefones"},"content":{"rendered":"<table style=\"width: 88.2345%; height: 1344px;\" width=\"430\">\n<tbody>\n<tr style=\"background-color: #71aef5;\">\n<td style=\"text-align: center; width: 71.7949%; height: 28px;\" colspan=\"3\">FREA<\/td>\n<\/tr>\n<tr style=\"height: 28px;\">\n<td style=\"width: 26.7207%; height: 28px;\">Presidente<\/td>\n<td style=\"width: 26.7207%; height: 28px;\">Edson Gabriel<\/td>\n<td style=\"width: 18.3535%; height: 28px;\">211<\/td>\n<\/tr>\n<tr style=\"height: 28px;\">\n<td style=\"width: 26.7207%; height: 28px;\">Dir. Executivo<\/td>\n<td style=\"width: 26.7207%; height: 28px;\">Luiz Mourato<\/td>\n<td style=\"width: 18.3535%; height: 28px;\">207<\/td>\n<\/tr>\n<tr style=\"height: 28px;\">\n<td style=\"width: 26.7207%; height: 28px;\">Dir. Financeiro<\/td>\n<td style=\"width: 26.7207%; height: 28px;\">Rog\u00e9rio Silvestre<\/td>\n<td style=\"width: 18.3535%; height: 28px;\">233<\/td>\n<\/tr>\n<tr style=\"height: 28px;\">\n<td style=\"width: 26.7207%; height: 28px;\">Secretaria Geral<\/td>\n<td style=\"width: 26.7207%; height: 28px;\">Regina Faria<\/td>\n<td style=\"width: 18.3535%; height: 28px;\">218<\/td>\n<\/tr>\n<tr style=\"height: 28px;\">\n<td style=\"width: 26.7207%; height: 28px;\">Biblioteca<\/td>\n<td style=\"width: 26.7207%; height: 28px;\">Hetiane | Edson<\/td>\n<td style=\"width: 18.3535%; height: 28px;\">205<\/td>\n<\/tr>\n<tr style=\"height: 28px;\">\n<td style=\"width: 26.7207%; height: 28px;\">Cabine Telef\u00f4nica<\/td>\n<td style=\"width: 26.7207%; height: 28px;\">Denise<\/td>\n<td style=\"width: 18.3535%; height: 28px;\">200 \/ 9<\/td>\n<\/tr>\n<tr style=\"height: 28px;\">\n<td style=\"width: 26.7207%; height: 28px;\">Contabilidade<\/td>\n<td style=\"width: 26.7207%; height: 28px;\">Eliete<\/td>\n<td style=\"width: 18.3535%; height: 28px;\">227<\/td>\n<\/tr>\n<tr style=\"height: 28px;\">\n<td style=\"width: 26.7207%; height: 28px;\">Cozinha<\/td>\n<td style=\"width: 26.7207%; height: 28px;\"><\/td>\n<td style=\"width: 18.3535%; height: 28px;\">221<\/td>\n<\/tr>\n<tr style=\"height: 28px;\">\n<td style=\"width: 26.7207%; height: 28px;\">CPD 1<\/td>\n<td style=\"width: 26.7207%; height: 28px;\">\u00a0Paulo\u00a0 | Gustavo<\/td>\n<td style=\"width: 18.3535%; height: 28px;\">246 \/ 249<\/td>\n<\/tr>\n<tr style=\"height: 28px;\">\n<td style=\"width: 26.7207%; height: 28px;\">CPD 2<\/td>\n<td style=\"width: 26.7207%; height: 28px;\">Erik<\/td>\n<td style=\"width: 18.3535%; height: 28px;\">250<\/td>\n<\/tr>\n<tr style=\"height: 28px;\">\n<td style=\"width: 26.7207%; height: 28px;\">Depto. Cobran\u00e7as 1<\/td>\n<td style=\"width: 26.7207%; height: 28px;\">N\u00e9ia<\/td>\n<td style=\"width: 18.3535%; height: 28px;\">255<\/td>\n<\/tr>\n<tr style=\"height: 28px;\">\n<td style=\"width: 26.7207%; height: 28px;\">Depto. Cobran\u00e7as 2<\/td>\n<td style=\"width: 26.7207%; height: 28px;\">Samanta<\/td>\n<td style=\"width: 18.3535%; height: 28px;\">253<\/td>\n<\/tr>\n<tr style=\"height: 28px;\">\n<td style=\"width: 26.7207%; height: 28px;\">Depto. Compras<\/td>\n<td style=\"width: 26.7207%; height: 28px;\">Jos\u00e9 Carlos (Bola) |\u00a0 Dino<\/td>\n<td style=\"width: 18.3535%; height: 28px;\">214<\/td>\n<\/tr>\n<tr style=\"height: 28px;\">\n<td style=\"width: 26.7207%; height: 28px;\">Depto. Financeiro 1<\/td>\n<td style=\"width: 26.7207%; height: 28px;\">Rog\u00e9rio Silvestre<\/td>\n<td style=\"width: 18.3535%; height: 28px;\">208<\/td>\n<\/tr>\n<tr style=\"height: 28px;\">\n<td style=\"width: 26.7207%; height: 28px;\">Depto. Financeiro 2<\/td>\n<td style=\"width: 26.7207%; height: 28px;\">Lorena Tegani<\/td>\n<td style=\"width: 18.3535%; height: 28px;\">254<\/td>\n<\/tr>\n<tr style=\"height: 28px;\">\n<td style=\"width: 26.7207%; height: 28px;\">Depto. Jur\u00eddico<\/td>\n<td style=\"width: 26.7207%; height: 28px;\">Nath\u00e1lia | Felipe | Ariel<\/td>\n<td style=\"width: 18.3535%; height: 28px;\">247<\/td>\n<\/tr>\n<tr style=\"height: 28px;\">\n<td style=\"width: 26.7207%; height: 28px;\">Depto. Licita\u00e7\u00e3o<\/td>\n<td style=\"width: 26.7207%; height: 28px;\">\u00a0Ana Elce Alvez Sampaio<\/td>\n<td style=\"width: 18.3535%; height: 28px;\">215<\/td>\n<\/tr>\n<tr style=\"height: 28px;\">\n<td style=\"width: 26.7207%; height: 28px;\">Depto. Manuten\u00e7\u00e3o<\/td>\n<td style=\"width: 26.7207%; height: 28px;\">Marquinhos<\/td>\n<td style=\"width: 18.3535%; height: 28px;\">217<\/td>\n<\/tr>\n<tr style=\"height: 28px;\">\n<td style=\"width: 26.7207%; height: 28px;\">Depto. Pessoal RH<\/td>\n<td style=\"width: 26.7207%; height: 28px;\">Cl\u00e1udia | Marcella<\/td>\n<td style=\"width: 18.3535%; height: 28px;\">257 \/ 222<\/td>\n<\/tr>\n<tr style=\"height: 28px;\">\n<td style=\"width: 26.7207%; height: 28px;\">Portaria<\/td>\n<td style=\"width: 26.7207%; height: 28px;\">Cl\u00e9o | Adriana<\/td>\n<td style=\"width: 18.3535%; height: 28px;\">256<\/td>\n<\/tr>\n<tr style=\"height: 28px;\">\n<td style=\"width: 26.7207%; height: 28px;\">Protocolo 1<\/td>\n<td style=\"width: 26.7207%; height: 28px;\">Luana, Carlos<\/td>\n<td style=\"width: 18.3535%; height: 28px;\">225<\/td>\n<\/tr>\n<tr style=\"height: 28px;\">\n<td style=\"width: 26.7207%; height: 28px;\">Protocolo 2<\/td>\n<td style=\"width: 26.7207%; height: 28px;\">M\u00e1rcia<\/td>\n<td style=\"width: 18.3535%; height: 28px;\">231<\/td>\n<\/tr>\n<tr style=\"height: 28px;\">\n<td style=\"width: 26.7207%; height: 28px;\">Psic\u00f3loga<\/td>\n<td style=\"width: 26.7207%; height: 28px;\">N\u00e9lbea<\/td>\n<td style=\"width: 18.3535%; height: 28px;\">219<\/td>\n<\/tr>\n<tr style=\"height: 28px;\">\n<td style=\"width: 26.7207%; height: 28px;\">Sala de Apoio Ens. M\u00e9dio<\/td>\n<td style=\"width: 26.7207%; height: 28px;\">\u00a0Helenice | Gabriel<\/td>\n<td style=\"width: 18.3535%; height: 28px;\">238<\/td>\n<\/tr>\n<tr style=\"height: 28px;\">\n<td style=\"width: 26.7207%; height: 28px;\">Sala de Apoio Fund. I<\/td>\n<td style=\"width: 26.7207%; height: 28px;\"><\/td>\n<td style=\"width: 18.3535%; height: 28px;\">258<\/td>\n<\/tr>\n<tr style=\"height: 28px;\">\n<td style=\"width: 26.7207%; height: 28px;\">Sala de Apostila<\/td>\n<td style=\"width: 26.7207%; height: 28px;\">Ana Elce Alvez Sampaio<\/td>\n<td style=\"width: 18.3535%; height: 28px;\">210<\/td>\n<\/tr>\n<tr style=\"height: 28px;\">\n<td style=\"width: 26.7207%; height: 28px;\">Sala de Espelho<\/td>\n<td style=\"width: 26.7207%; height: 28px;\"><\/td>\n<td style=\"width: 18.3535%; height: 28px;\">243<\/td>\n<\/tr>\n<tr style=\"height: 28px;\">\n<td style=\"width: 26.7207%; height: 28px;\">Sala dos Professores<\/td>\n<td style=\"width: 26.7207%; height: 28px;\"><\/td>\n<td style=\"width: 18.3535%; height: 28px;\">223<\/td>\n<\/tr>\n<tr style=\"height: 28px;\">\n<td style=\"width: 26.7207%; height: 28px;\">Xerox<\/td>\n<td style=\"width: 26.7207%; height: 28px;\">Eliana<\/td>\n<td style=\"width: 18.3535%; height: 28px;\">229<\/td>\n<\/tr>\n<tr style=\"height: 28px;\">\n<td style=\"width: 26.7207%; height: 28px;\"><\/td>\n<td style=\"width: 26.7207%; height: 28px;\"><\/td>\n<td style=\"width: 18.3535%; height: 28px;\"><\/td>\n<\/tr>\n<tr style=\"background-color: #71aef5;\">\n<td style=\"text-align: center; width: 71.7949%; height: 28px;\" colspan=\"3\">COL\u00c9GIO<\/td>\n<\/tr>\n<tr style=\"height: 28px;\">\n<td style=\"width: 26.7207%; height: 28px;\">Dire\u00e7\u00e3o<\/td>\n<td style=\"width: 26.7207%; height: 28px;\">Viviane Trench<\/td>\n<td style=\"width: 18.3535%; height: 28px;\">230<\/td>\n<\/tr>\n<tr style=\"height: 28px;\">\n<td style=\"width: 26.7207%; height: 28px;\">Secretaria Col\u00e9gio<\/td>\n<td style=\"width: 26.7207%; height: 28px;\">Aline<\/td>\n<td style=\"width: 18.3535%; height: 28px;\">234<\/td>\n<\/tr>\n<tr style=\"height: 28px;\">\n<td style=\"width: 26.7207%; height: 28px;\">Secret\u00e1ria Geral<\/td>\n<td style=\"width: 26.7207%; height: 28px;\">Regina Faria<\/td>\n<td style=\"width: 18.3535%; height: 28px;\">218<\/td>\n<\/tr>\n<tr style=\"height: 28px;\">\n<td style=\"width: 26.7207%; height: 28px;\">Coord. Ed. Infantil 3 e 4<\/td>\n<td style=\"width: 26.7207%; height: 28px;\">Carol<\/td>\n<td style=\"width: 18.3535%; height: 28px;\">206<\/td>\n<\/tr>\n<tr style=\"height: 28px;\">\n<td style=\"width: 26.7207%; height: 28px;\">Coord. Fund. I<\/td>\n<td style=\"width: 26.7207%; height: 28px;\">Fernanda Masculi<\/td>\n<td style=\"width: 18.3535%; height: 28px;\">228<\/td>\n<\/tr>\n<tr style=\"height: 28px;\">\n<td style=\"width: 26.7207%; height: 28px;\">Coord. Fund. II<\/td>\n<td style=\"width: 26.7207%; height: 28px;\">Isis Lino Kemp Galhardo<\/td>\n<td style=\"width: 18.3535%; height: 28px;\">238<\/td>\n<\/tr>\n<tr style=\"height: 28px;\">\n<td style=\"width: 26.7207%; height: 28px;\">Coord. Ens. M\u00e9dio<\/td>\n<td style=\"width: 26.7207%; height: 28px;\">Rosangela Ap. Araujo Ferreira<\/td>\n<td style=\"width: 18.3535%; height: 28px;\"><\/td>\n<\/tr>\n<tr style=\"height: 28px;\">\n<td style=\"width: 26.7207%; height: 28px;\">Coord. de Esportes<\/td>\n<td style=\"width: 26.7207%; height: 28px;\"><\/td>\n<td style=\"width: 18.3535%; height: 28px;\">224<\/td>\n<\/tr>\n<tr style=\"height: 28px;\">\n<td style=\"width: 26.7207%; height: 28px;\">Coord. de Eventos<\/td>\n<td style=\"width: 26.7207%; height: 28px;\">Nancy Yoko<\/td>\n<td style=\"width: 18.3535%; height: 28px;\">209<\/td>\n<\/tr>\n<tr style=\"height: 28px;\">\n<td style=\"width: 26.7207%; height: 28px;\">WhatsApp Ed. Infantil<\/td>\n<td style=\"width: 26.7207%; height: 28px;\">\u00a0(14) 99186-1650<\/td>\n<td style=\"width: 18.3535%; height: 28px;\"><\/td>\n<\/tr>\n<tr style=\"height: 28px;\">\n<td style=\"width: 26.7207%; height: 28px;\">WhatsApp Ens. Fund. I<\/td>\n<td style=\"width: 26.7207%; height: 28px;\">\u00a0(14) 99849-2087<\/td>\n<td style=\"width: 18.3535%; height: 28px;\"><\/td>\n<\/tr>\n<tr style=\"height: 56px;\">\n<td style=\"width: 26.7207%; height: 56px;\">WhatsApp Ens. Fund. II e M\u00e9dio<\/td>\n<td style=\"width: 26.7207%; height: 56px;\">\u00a0(14) 99696-9891<\/td>\n<td style=\"width: 18.3535%; height: 56px;\"><\/td>\n<\/tr>\n<tr style=\"background-color: #71aef5;\">\n<td style=\"text-align: center; width: 71.7949%; height: 28px;\" colspan=\"3\"><\/td>\n<\/tr>\n<tr style=\"height: 28px;\">\n<td style=\"width: 26.7207%; height: 28px;\">Cabine Telef\u00f4nica<\/td>\n<td style=\"width: 26.7207%; height: 28px;\">Denise<\/td>\n<td style=\"width: 18.3535%; height: 28px;\">3711-1828<\/td>\n<\/tr>\n<\/tbody>\n<\/table>\n<p>&nbsp;<\/p>\n","protected":false},"excerpt":{"rendered":"<p>FREA Presidente Edson Gabriel 211 Dir. Executivo Luiz Mourato 207 Dir. Financeiro Rog\u00e9rio Silvestre 233 Secretaria Geral Regina Faria 218 Biblioteca Hetiane | Edson 205 Cabine Telef\u00f4nica Denise 200 \/ 9 Contabilidade<a class=\"moretag\" href=\"https:\/\/www.colegioangloavare.com.br\/site\/telefone\/\">Read More&#8230;<\/a><\/p>\n","protected":false},"author":3,"featured_media":0,"parent":0,"menu_order":0,"comment_status":"closed","ping_status":"closed","template":"","meta":{"cybocfi_hide_featured_image":"","footnotes":""},"class_list":["post-35","page","type-page","status-publish","hentry"],"yoast_head":"<!-- This site is optimized with the Yoast SEO plugin v27.4 - https:\/\/yoast.com\/product\/yoast-seo-wordpress\/ -->\n<title>Telefones do Col\u00e9gio Anglo Avar\u00e9<\/title>\n<meta name=\"description\" content=\"Entre em contato por um de nossos telefones.\" \/>\n<meta name=\"robots\" content=\"index, follow, max-snippet:-1, max-image-preview:large, max-video-preview:-1\" \/>\n<link rel=\"canonical\" href=\"https:\/\/www.colegioangloavare.com.br\/site\/telefone\/\" \/>\n<meta property=\"og:locale\" content=\"pt_BR\" \/>\n<meta property=\"og:type\" content=\"article\" \/>\n<meta property=\"og:title\" content=\"Telefones do Col\u00e9gio Anglo Avar\u00e9\" \/>\n<meta property=\"og:description\" content=\"Entre em contato por um de nossos telefones.\" \/>\n<meta property=\"og:url\" content=\"https:\/\/www.colegioangloavare.com.br\/site\/telefone\/\" \/>\n<meta property=\"og:site_name\" content=\"ANGLO AVAR\u00c9\" \/>\n<meta property=\"article:modified_time\" content=\"2026-03-18T18:32:59+00:00\" \/>\n<meta name=\"twitter:label1\" content=\"Est. tempo de leitura\" \/>\n\t<meta name=\"twitter:data1\" content=\"2 minutos\" \/>\n<script type=\"application\/ld+json\" class=\"yoast-schema-graph\">{\"@context\":\"https:\\\/\\\/schema.org\",\"@graph\":[{\"@type\":\"WebPage\",\"@id\":\"https:\\\/\\\/www.colegioangloavare.com.br\\\/site\\\/telefone\\\/\",\"url\":\"https:\\\/\\\/www.colegioangloavare.com.br\\\/site\\\/telefone\\\/\",\"name\":\"Telefones do Col\u00e9gio Anglo Avar\u00e9\",\"isPartOf\":{\"@id\":\"https:\\\/\\\/www.colegioangloavare.com.br\\\/site\\\/#website\"},\"datePublished\":\"2013-02-06T10:49:12+00:00\",\"dateModified\":\"2026-03-18T18:32:59+00:00\",\"description\":\"Entre em contato por um de nossos telefones.\",\"breadcrumb\":{\"@id\":\"https:\\\/\\\/www.colegioangloavare.com.br\\\/site\\\/telefone\\\/#breadcrumb\"},\"inLanguage\":\"pt-BR\",\"potentialAction\":[{\"@type\":\"ReadAction\",\"target\":[\"https:\\\/\\\/www.colegioangloavare.com.br\\\/site\\\/telefone\\\/\"]}]},{\"@type\":\"BreadcrumbList\",\"@id\":\"https:\\\/\\\/www.colegioangloavare.com.br\\\/site\\\/telefone\\\/#breadcrumb\",\"itemListElement\":[{\"@type\":\"ListItem\",\"position\":1,\"name\":\"In\u00edcio\",\"item\":\"https:\\\/\\\/www.colegioangloavare.com.br\\\/site\\\/\"},{\"@type\":\"ListItem\",\"position\":2,\"name\":\"Telefones\"}]},{\"@type\":\"WebSite\",\"@id\":\"https:\\\/\\\/www.colegioangloavare.com.br\\\/site\\\/#website\",\"url\":\"https:\\\/\\\/www.colegioangloavare.com.br\\\/site\\\/\",\"name\":\"ANGLO AVAR\u00c9\",\"description\":\"Para os melhores professores, o melhor conte\u00fado. No Anglo, tudo come\u00e7a na sala de aula.\",\"potentialAction\":[{\"@type\":\"SearchAction\",\"target\":{\"@type\":\"EntryPoint\",\"urlTemplate\":\"https:\\\/\\\/www.colegioangloavare.com.br\\\/site\\\/?s={search_term_string}\"},\"query-input\":{\"@type\":\"PropertyValueSpecification\",\"valueRequired\":true,\"valueName\":\"search_term_string\"}}],\"inLanguage\":\"pt-BR\"}]}<\/script>\n<!-- \/ Yoast SEO plugin. -->","yoast_head_json":{"title":"Telefones do Col\u00e9gio Anglo Avar\u00e9","description":"Entre em contato por um de nossos telefones.","robots":{"index":"index","follow":"follow","max-snippet":"max-snippet:-1","max-image-preview":"max-image-preview:large","max-video-preview":"max-video-preview:-1"},"canonical":"https:\/\/www.colegioangloavare.com.br\/site\/telefone\/","og_locale":"pt_BR","og_type":"article","og_title":"Telefones do Col\u00e9gio Anglo Avar\u00e9","og_description":"Entre em contato por um de nossos telefones.","og_url":"https:\/\/www.colegioangloavare.com.br\/site\/telefone\/","og_site_name":"ANGLO AVAR\u00c9","article_modified_time":"2026-03-18T18:32:59+00:00","twitter_misc":{"Est. tempo de leitura":"2 minutos"},"schema":{"@context":"https:\/\/schema.org","@graph":[{"@type":"WebPage","@id":"https:\/\/www.colegioangloavare.com.br\/site\/telefone\/","url":"https:\/\/www.colegioangloavare.com.br\/site\/telefone\/","name":"Telefones do Col\u00e9gio Anglo Avar\u00e9","isPartOf":{"@id":"https:\/\/www.colegioangloavare.com.br\/site\/#website"},"datePublished":"2013-02-06T10:49:12+00:00","dateModified":"2026-03-18T18:32:59+00:00","description":"Entre em contato por um de nossos telefones.","breadcrumb":{"@id":"https:\/\/www.colegioangloavare.com.br\/site\/telefone\/#breadcrumb"},"inLanguage":"pt-BR","potentialAction":[{"@type":"ReadAction","target":["https:\/\/www.colegioangloavare.com.br\/site\/telefone\/"]}]},{"@type":"BreadcrumbList","@id":"https:\/\/www.colegioangloavare.com.br\/site\/telefone\/#breadcrumb","itemListElement":[{"@type":"ListItem","position":1,"name":"In\u00edcio","item":"https:\/\/www.colegioangloavare.com.br\/site\/"},{"@type":"ListItem","position":2,"name":"Telefones"}]},{"@type":"WebSite","@id":"https:\/\/www.colegioangloavare.com.br\/site\/#website","url":"https:\/\/www.colegioangloavare.com.br\/site\/","name":"ANGLO AVAR\u00c9","description":"Para os melhores professores, o melhor conte\u00fado. No Anglo, tudo come\u00e7a na sala de aula.","potentialAction":[{"@type":"SearchAction","target":{"@type":"EntryPoint","urlTemplate":"https:\/\/www.colegioangloavare.com.br\/site\/?s={search_term_string}"},"query-input":{"@type":"PropertyValueSpecification","valueRequired":true,"valueName":"search_term_string"}}],"inLanguage":"pt-BR"}]}},"jetpack_sharing_enabled":true,"_links":{"self":[{"href":"https:\/\/www.colegioangloavare.com.br\/site\/wp-json\/wp\/v2\/pages\/35","targetHints":{"allow":["GET"]}}],"collection":[{"href":"https:\/\/www.colegioangloavare.com.br\/site\/wp-json\/wp\/v2\/pages"}],"about":[{"href":"https:\/\/www.colegioangloavare.com.br\/site\/wp-json\/wp\/v2\/types\/page"}],"author":[{"embeddable":true,"href":"https:\/\/www.colegioangloavare.com.br\/site\/wp-json\/wp\/v2\/users\/3"}],"replies":[{"embeddable":true,"href":"https:\/\/www.colegioangloavare.com.br\/site\/wp-json\/wp\/v2\/comments?post=35"}],"version-history":[{"count":29,"href":"https:\/\/www.colegioangloavare.com.br\/site\/wp-json\/wp\/v2\/pages\/35\/revisions"}],"predecessor-version":[{"id":36182,"href":"https:\/\/www.colegioangloavare.com.br\/site\/wp-json\/wp\/v2\/pages\/35\/revisions\/36182"}],"wp:attachment":[{"href":"https:\/\/www.colegioangloavare.com.br\/site\/wp-json\/wp\/v2\/media?parent=35"}],"curies":[{"name":"wp","href":"https:\/\/api.w.org\/{rel}","templated":true}]}}