{"id":52,"date":"2013-02-06T13:10:50","date_gmt":"2013-02-06T13:10:50","guid":{"rendered":"http:\/\/www.colegioangloavare.com.br\/site\/?page_id=52"},"modified":"2017-01-04T12:12:13","modified_gmt":"2017-01-04T12:12:13","slug":"quem-somos","status":"publish","type":"page","link":"https:\/\/www.colegioangloavare.com.br\/site\/quem-somos\/","title":{"rendered":"Proposta Pedag\u00f3gica"},"content":{"rendered":"<h4><span style=\"color: #0000ff;\"><strong>Objetivo Geral<\/strong><\/span><\/h4>\n<p>O objetivo geral do estabelecimento, organizado como institui\u00e7\u00e3o apol\u00edtica, \u00e9 o de proporcionar ao educando a forma\u00e7\u00e3o necess\u00e1ria ao desenvolvimento de suas potencialidades para sua realiza\u00e7\u00e3o, prepara\u00e7\u00e3o para o exerc\u00edcio consciente da cidadania e prosseguimento de estudos, observando as determina\u00e7\u00f5es legais atinentes.<br \/>\n<span style=\"color: #0000ff;\"><strong>Objetivos da Educa\u00e7\u00e3o a ser ministrada<\/strong><\/span><br \/>\nDo Estabelecimento &#8211; Inspirada nos princ\u00edpios de liberdade e nos ideais de solidariedade humana, visa o desenvolvimento integral do aluno e preparopara o exerc\u00edcio da cidadania atrav\u00e9s:<\/p>\n<p>I &#8211; da compreens\u00e3o dos direitos e deveres individuais e coletivos.<br \/>\nII &#8211; de sua participa\u00e7\u00e3o na obra do bem comum.<br \/>\nIII &#8211; da condena\u00e7\u00e3o a qualquer tratamento desigual por convic\u00e7\u00e3o filos\u00f3fica, religiosa, de ra\u00e7a ou nacionalidade.<br \/>\nIV &#8211; da forma\u00e7\u00e3o comum indispens\u00e1vel para o exerc\u00edcio da cidadania e dos meios para progresso no trabalho e em estudos posteriores, preservando os valores culturais, art\u00edsticos, regionais e nacionais.<\/p>\n<p><span style=\"color: #0000ff;\"><strong>FINALIDADE DA EDUCA\u00c7\u00c3O A SER MINISTRADA<\/strong><\/span><\/p>\n<p>Indissoci\u00e1vel rela\u00e7\u00e3o entre conhecimentos, linguagem e afetos, como constituintes dos atos de ensinar e aprender;<br \/>\nValoriza\u00e7\u00e3o do di\u00e1logo como forma efetiva de educar, de ensinar e aprender com \u00eaxito;<br \/>\nGarantir a igualdade de acesso dos alunos \u00e0 Base Nacional Comum, de maneira a legitimar a unidade e a qualidade de a\u00e7\u00e3o pedag\u00f3gica na diversidade nacional;<br \/>\nDesenvolver um processo de parceria respons\u00e1vel onde haja participa\u00e7\u00e3o solid\u00e1ria e responsabilidades dos educadores da escola; esp\u00edrito de equipe que tenha como procedimento permanente o di\u00e1logo, desde a concep\u00e7\u00e3o e o planejamento at\u00e9 sua execu\u00e7\u00e3o e avalia\u00e7\u00e3o.<br \/>\nEnsino de qualidade e a forma\u00e7\u00e3o b\u00e1sica do cidad\u00e3o.<\/p>\n<p><span style=\"color: #0000ff;\"><strong>FUNDAMENTOS FILOS\u00d3FICOS DA EDUCA\u00c7\u00c3O<\/strong><\/span><\/p>\n<p>\u00c9 o elemento de integra\u00e7\u00e3o e conquista do sentimento e da consci\u00eancia da cidadania. Nessa concep\u00e7\u00e3o de educa\u00e7\u00e3o, a finalidade \u00e9 formar cidad\u00e3os capazes de analisar e intervir na realidade, visando ao bem estar do homem, em n\u00edvel pessoal e coletivo. Para isso, esse processo deve desenvolver a criatividade, o esp\u00edrito cr\u00edtico, a capacidade para an\u00e1lise e s\u00edntese, o auto conhecimento, a sociabiliza\u00e7\u00e3o, a autonomia e a responsabilidade.<br \/>\nPortanto, cabe \u00e0 Escola possibilitar ao aluno a aquisi\u00e7\u00e3o de uma consci\u00eancia cr\u00edtica que lhe amplie a vis\u00e3o do mundo.<br \/>\nEsta vis\u00e3o do mundo dever\u00e1 dar-lhe condi\u00e7\u00f5es de uma leitura interpretativa das rela\u00e7\u00f5es sociais, das rela\u00e7\u00f5es dos homens entre si e com a natureza.<\/p>\n","protected":false},"excerpt":{"rendered":"<p>Objetivo Geral O objetivo geral do estabelecimento, organizado como institui\u00e7\u00e3o apol\u00edtica, \u00e9 o de proporcionar ao educando a forma\u00e7\u00e3o necess\u00e1ria ao desenvolvimento de suas potencialidades para sua realiza\u00e7\u00e3o, prepara\u00e7\u00e3o para o exerc\u00edcio<a class=\"moretag\" href=\"https:\/\/www.colegioangloavare.com.br\/site\/quem-somos\/\">Read More&#8230;<\/a><\/p>\n","protected":false},"author":3,"featured_media":0,"parent":0,"menu_order":0,"comment_status":"closed","ping_status":"open","template":"","meta":{"cybocfi_hide_featured_image":"","footnotes":""},"class_list":["post-52","page","type-page","status-publish","hentry"],"yoast_head":"<!-- This site is optimized with the Yoast SEO plugin v27.4 - https:\/\/yoast.com\/product\/yoast-seo-wordpress\/ -->\n<title>Quem somos - Anglo Avar\u00e9<\/title>\n<meta name=\"description\" content=\"Quem somos. Clique aqui e come\u00e7a nossos objetivos.\" \/>\n<meta name=\"robots\" content=\"index, follow, max-snippet:-1, max-image-preview:large, max-video-preview:-1\" \/>\n<link rel=\"canonical\" href=\"https:\/\/www.colegioangloavare.com.br\/site\/quem-somos\/\" \/>\n<meta property=\"og:locale\" content=\"pt_BR\" \/>\n<meta property=\"og:type\" content=\"article\" \/>\n<meta property=\"og:title\" content=\"Quem somos - Anglo Avar\u00e9\" \/>\n<meta property=\"og:description\" content=\"Quem somos. Clique aqui e come\u00e7a nossos objetivos.\" \/>\n<meta property=\"og:url\" content=\"https:\/\/www.colegioangloavare.com.br\/site\/quem-somos\/\" \/>\n<meta property=\"og:site_name\" content=\"ANGLO AVAR\u00c9\" \/>\n<meta property=\"article:modified_time\" content=\"2017-01-04T12:12:13+00:00\" \/>\n<meta name=\"twitter:label1\" content=\"Est. tempo de leitura\" \/>\n\t<meta name=\"twitter:data1\" content=\"2 minutos\" \/>\n<script type=\"application\/ld+json\" class=\"yoast-schema-graph\">{\"@context\":\"https:\\\/\\\/schema.org\",\"@graph\":[{\"@type\":\"WebPage\",\"@id\":\"https:\\\/\\\/www.colegioangloavare.com.br\\\/site\\\/quem-somos\\\/\",\"url\":\"https:\\\/\\\/www.colegioangloavare.com.br\\\/site\\\/quem-somos\\\/\",\"name\":\"Quem somos - Anglo Avar\u00e9\",\"isPartOf\":{\"@id\":\"https:\\\/\\\/www.colegioangloavare.com.br\\\/site\\\/#website\"},\"datePublished\":\"2013-02-06T13:10:50+00:00\",\"dateModified\":\"2017-01-04T12:12:13+00:00\",\"description\":\"Quem somos. Clique aqui e come\u00e7a nossos objetivos.\",\"breadcrumb\":{\"@id\":\"https:\\\/\\\/www.colegioangloavare.com.br\\\/site\\\/quem-somos\\\/#breadcrumb\"},\"inLanguage\":\"pt-BR\",\"potentialAction\":[{\"@type\":\"ReadAction\",\"target\":[\"https:\\\/\\\/www.colegioangloavare.com.br\\\/site\\\/quem-somos\\\/\"]}]},{\"@type\":\"BreadcrumbList\",\"@id\":\"https:\\\/\\\/www.colegioangloavare.com.br\\\/site\\\/quem-somos\\\/#breadcrumb\",\"itemListElement\":[{\"@type\":\"ListItem\",\"position\":1,\"name\":\"In\u00edcio\",\"item\":\"https:\\\/\\\/www.colegioangloavare.com.br\\\/site\\\/\"},{\"@type\":\"ListItem\",\"position\":2,\"name\":\"Proposta Pedag\u00f3gica\"}]},{\"@type\":\"WebSite\",\"@id\":\"https:\\\/\\\/www.colegioangloavare.com.br\\\/site\\\/#website\",\"url\":\"https:\\\/\\\/www.colegioangloavare.com.br\\\/site\\\/\",\"name\":\"ANGLO AVAR\u00c9\",\"description\":\"Para os melhores professores, o melhor conte\u00fado. No Anglo, tudo come\u00e7a na sala de aula.\",\"potentialAction\":[{\"@type\":\"SearchAction\",\"target\":{\"@type\":\"EntryPoint\",\"urlTemplate\":\"https:\\\/\\\/www.colegioangloavare.com.br\\\/site\\\/?s={search_term_string}\"},\"query-input\":{\"@type\":\"PropertyValueSpecification\",\"valueRequired\":true,\"valueName\":\"search_term_string\"}}],\"inLanguage\":\"pt-BR\"}]}<\/script>\n<!-- \/ Yoast SEO plugin. -->","yoast_head_json":{"title":"Quem somos - Anglo Avar\u00e9","description":"Quem somos. Clique aqui e come\u00e7a nossos objetivos.","robots":{"index":"index","follow":"follow","max-snippet":"max-snippet:-1","max-image-preview":"max-image-preview:large","max-video-preview":"max-video-preview:-1"},"canonical":"https:\/\/www.colegioangloavare.com.br\/site\/quem-somos\/","og_locale":"pt_BR","og_type":"article","og_title":"Quem somos - Anglo Avar\u00e9","og_description":"Quem somos. Clique aqui e come\u00e7a nossos objetivos.","og_url":"https:\/\/www.colegioangloavare.com.br\/site\/quem-somos\/","og_site_name":"ANGLO AVAR\u00c9","article_modified_time":"2017-01-04T12:12:13+00:00","twitter_misc":{"Est. tempo de leitura":"2 minutos"},"schema":{"@context":"https:\/\/schema.org","@graph":[{"@type":"WebPage","@id":"https:\/\/www.colegioangloavare.com.br\/site\/quem-somos\/","url":"https:\/\/www.colegioangloavare.com.br\/site\/quem-somos\/","name":"Quem somos - Anglo Avar\u00e9","isPartOf":{"@id":"https:\/\/www.colegioangloavare.com.br\/site\/#website"},"datePublished":"2013-02-06T13:10:50+00:00","dateModified":"2017-01-04T12:12:13+00:00","description":"Quem somos. Clique aqui e come\u00e7a nossos objetivos.","breadcrumb":{"@id":"https:\/\/www.colegioangloavare.com.br\/site\/quem-somos\/#breadcrumb"},"inLanguage":"pt-BR","potentialAction":[{"@type":"ReadAction","target":["https:\/\/www.colegioangloavare.com.br\/site\/quem-somos\/"]}]},{"@type":"BreadcrumbList","@id":"https:\/\/www.colegioangloavare.com.br\/site\/quem-somos\/#breadcrumb","itemListElement":[{"@type":"ListItem","position":1,"name":"In\u00edcio","item":"https:\/\/www.colegioangloavare.com.br\/site\/"},{"@type":"ListItem","position":2,"name":"Proposta Pedag\u00f3gica"}]},{"@type":"WebSite","@id":"https:\/\/www.colegioangloavare.com.br\/site\/#website","url":"https:\/\/www.colegioangloavare.com.br\/site\/","name":"ANGLO AVAR\u00c9","description":"Para os melhores professores, o melhor conte\u00fado. No Anglo, tudo come\u00e7a na sala de aula.","potentialAction":[{"@type":"SearchAction","target":{"@type":"EntryPoint","urlTemplate":"https:\/\/www.colegioangloavare.com.br\/site\/?s={search_term_string}"},"query-input":{"@type":"PropertyValueSpecification","valueRequired":true,"valueName":"search_term_string"}}],"inLanguage":"pt-BR"}]}},"jetpack_sharing_enabled":true,"_links":{"self":[{"href":"https:\/\/www.colegioangloavare.com.br\/site\/wp-json\/wp\/v2\/pages\/52","targetHints":{"allow":["GET"]}}],"collection":[{"href":"https:\/\/www.colegioangloavare.com.br\/site\/wp-json\/wp\/v2\/pages"}],"about":[{"href":"https:\/\/www.colegioangloavare.com.br\/site\/wp-json\/wp\/v2\/types\/page"}],"author":[{"embeddable":true,"href":"https:\/\/www.colegioangloavare.com.br\/site\/wp-json\/wp\/v2\/users\/3"}],"replies":[{"embeddable":true,"href":"https:\/\/www.colegioangloavare.com.br\/site\/wp-json\/wp\/v2\/comments?post=52"}],"version-history":[{"count":4,"href":"https:\/\/www.colegioangloavare.com.br\/site\/wp-json\/wp\/v2\/pages\/52\/revisions"}],"predecessor-version":[{"id":19786,"href":"https:\/\/www.colegioangloavare.com.br\/site\/wp-json\/wp\/v2\/pages\/52\/revisions\/19786"}],"wp:attachment":[{"href":"https:\/\/www.colegioangloavare.com.br\/site\/wp-json\/wp\/v2\/media?parent=52"}],"curies":[{"name":"wp","href":"https:\/\/api.w.org\/{rel}","templated":true}]}}