{"id":54,"date":"2013-02-06T13:12:25","date_gmt":"2013-02-06T13:12:25","guid":{"rendered":"http:\/\/www.colegioangloavare.com.br\/site\/?page_id=54"},"modified":"2026-03-20T15:01:27","modified_gmt":"2026-03-20T18:01:27","slug":"administracao","status":"publish","type":"page","link":"https:\/\/www.colegioangloavare.com.br\/site\/administracao\/","title":{"rendered":"Administra\u00e7\u00e3o"},"content":{"rendered":"<table style=\"width: 83.2186%; height: 420px;\">\n<tbody>\n<tr style=\"height: 28px;\">\n<td style=\"width: 56.487%; background-color: #1e73be; height: 28px;\"><span style=\"color: #ffffff;\">DEPARTAMENTO<\/span><\/td>\n<td style=\"width: 43.513%; background-color: #1e73be; height: 28px;\"><span style=\"color: #ffffff;\">RESPONS\u00c1VEL<\/span><\/td>\n<\/tr>\n<tr style=\"height: 28px;\">\n<td style=\"width: 56.487%; height: 28px;\">Presidente<\/td>\n<td style=\"width: 43.513%; height: 28px;\">Edson Gabriel da Silva<\/td>\n<\/tr>\n<tr style=\"height: 28px;\">\n<td style=\"width: 56.487%; height: 28px;\">Diretor Executivo<\/td>\n<td style=\"width: 43.513%; height: 28px;\">Luiz Mourato<\/td>\n<\/tr>\n<tr style=\"height: 28px;\">\n<td style=\"width: 56.487%; height: 28px;\">Diretor Financeiro<\/td>\n<td style=\"width: 43.513%; height: 28px;\">Rog\u00e9rio Silvestre<\/td>\n<\/tr>\n<tr style=\"height: 28px;\">\n<td style=\"width: 56.487%; height: 28px;\">Diretora Pedag\u00f3gica<\/td>\n<td style=\"width: 43.513%; height: 28px;\">Viviane Trench<\/td>\n<\/tr>\n<tr style=\"height: 28px;\">\n<td style=\"width: 56.487%; height: 28px;\">Coordena\u00e7\u00e3o Ed. Infantil<\/td>\n<td style=\"width: 43.513%; height: 28px;\">Ana Carolina do Esp\u00edrito Santo<\/td>\n<\/tr>\n<tr style=\"height: 28px;\">\n<td style=\"width: 56.487%; height: 28px;\">Coordena\u00e7\u00e3o Ens. Fundamental I<\/td>\n<td style=\"width: 43.513%; height: 28px;\">Fernanda Masculi de L. Silva<\/td>\n<\/tr>\n<tr style=\"height: 28px;\">\n<td style=\"width: 56.487%; height: 28px;\">Coordena\u00e7\u00e3o Ens. Fundamental II<\/td>\n<td style=\"width: 43.513%;\">Isis Lino Kemp Galhardo<\/td>\n<\/tr>\n<tr style=\"height: 28px;\">\n<td style=\"width: 56.487%; height: 28px;\">Coordena\u00e7\u00e3o Ens. M\u00e9dio<\/td>\n<td style=\"width: 43.513%; height: 28px;\">Rosangela Ap. Araujo Ferreira<\/td>\n<\/tr>\n<tr style=\"height: 28px;\">\n<td style=\"width: 56.487%; height: 28px;\">Coordena\u00e7\u00e3o de Eventos<\/td>\n<td style=\"width: 43.513%; height: 28px;\">Nancy Yoko T. Damasceno<\/td>\n<\/tr>\n<tr style=\"height: 28px;\">\n<td style=\"width: 56.487%; height: 28px;\">Coordena\u00e7\u00e3o de Esportes<\/td>\n<td style=\"width: 43.513%; height: 28px;\"><\/td>\n<\/tr>\n<tr style=\"height: 28px;\">\n<td style=\"width: 56.487%; height: 28px;\">Psic\u00f3loga<\/td>\n<td style=\"width: 43.513%; height: 28px;\">Nelbea Ferezin<\/td>\n<\/tr>\n<tr style=\"height: 28px;\">\n<td style=\"width: 56.487%; height: 28px;\">Secret\u00e1ria Geral<\/td>\n<td style=\"width: 43.513%; height: 28px;\">Regina Faria<\/td>\n<\/tr>\n<\/tbody>\n<\/table>\n<p>&nbsp;<\/p>\n","protected":false},"excerpt":{"rendered":"<p>DEPARTAMENTO RESPONS\u00c1VEL Presidente Edson Gabriel da Silva Diretor Executivo Luiz Mourato Diretor Financeiro Rog\u00e9rio Silvestre Diretora Pedag\u00f3gica Viviane Trench Coordena\u00e7\u00e3o Ed. Infantil Ana Carolina do Esp\u00edrito Santo Coordena\u00e7\u00e3o Ens. Fundamental I Fernanda<a class=\"moretag\" href=\"https:\/\/www.colegioangloavare.com.br\/site\/administracao\/\">Read More&#8230;<\/a><\/p>\n","protected":false},"author":3,"featured_media":0,"parent":0,"menu_order":0,"comment_status":"closed","ping_status":"closed","template":"","meta":{"cybocfi_hide_featured_image":"","footnotes":""},"class_list":["post-54","page","type-page","status-publish","hentry"],"yoast_head":"<!-- This site is optimized with the Yoast SEO plugin v27.3 - https:\/\/yoast.com\/product\/yoast-seo-wordpress\/ -->\n<title>Administra\u00e7\u00e3o - Anglo Avar\u00e9<\/title>\n<meta name=\"description\" content=\"Conhe\u00e7a nossa administra\u00e7\u00e3o.\" \/>\n<meta name=\"robots\" content=\"index, follow, max-snippet:-1, max-image-preview:large, max-video-preview:-1\" \/>\n<link rel=\"canonical\" href=\"https:\/\/www.colegioangloavare.com.br\/site\/administracao\/\" \/>\n<meta property=\"og:locale\" content=\"pt_BR\" \/>\n<meta property=\"og:type\" content=\"article\" \/>\n<meta property=\"og:title\" content=\"Administra\u00e7\u00e3o - Anglo Avar\u00e9\" \/>\n<meta property=\"og:description\" content=\"Conhe\u00e7a nossa administra\u00e7\u00e3o.\" \/>\n<meta property=\"og:url\" content=\"https:\/\/www.colegioangloavare.com.br\/site\/administracao\/\" \/>\n<meta property=\"og:site_name\" content=\"ANGLO AVAR\u00c9\" \/>\n<meta property=\"article:modified_time\" content=\"2026-03-20T18:01:27+00:00\" \/>\n<meta name=\"twitter:label1\" content=\"Est. tempo de leitura\" \/>\n\t<meta name=\"twitter:data1\" content=\"1 minuto\" \/>\n<script type=\"application\/ld+json\" class=\"yoast-schema-graph\">{\"@context\":\"https:\\\/\\\/schema.org\",\"@graph\":[{\"@type\":\"WebPage\",\"@id\":\"https:\\\/\\\/www.colegioangloavare.com.br\\\/site\\\/administracao\\\/\",\"url\":\"https:\\\/\\\/www.colegioangloavare.com.br\\\/site\\\/administracao\\\/\",\"name\":\"Administra\u00e7\u00e3o - Anglo Avar\u00e9\",\"isPartOf\":{\"@id\":\"https:\\\/\\\/www.colegioangloavare.com.br\\\/site\\\/#website\"},\"datePublished\":\"2013-02-06T13:12:25+00:00\",\"dateModified\":\"2026-03-20T18:01:27+00:00\",\"description\":\"Conhe\u00e7a nossa administra\u00e7\u00e3o.\",\"breadcrumb\":{\"@id\":\"https:\\\/\\\/www.colegioangloavare.com.br\\\/site\\\/administracao\\\/#breadcrumb\"},\"inLanguage\":\"pt-BR\",\"potentialAction\":[{\"@type\":\"ReadAction\",\"target\":[\"https:\\\/\\\/www.colegioangloavare.com.br\\\/site\\\/administracao\\\/\"]}]},{\"@type\":\"BreadcrumbList\",\"@id\":\"https:\\\/\\\/www.colegioangloavare.com.br\\\/site\\\/administracao\\\/#breadcrumb\",\"itemListElement\":[{\"@type\":\"ListItem\",\"position\":1,\"name\":\"In\u00edcio\",\"item\":\"https:\\\/\\\/www.colegioangloavare.com.br\\\/site\\\/\"},{\"@type\":\"ListItem\",\"position\":2,\"name\":\"Administra\u00e7\u00e3o\"}]},{\"@type\":\"WebSite\",\"@id\":\"https:\\\/\\\/www.colegioangloavare.com.br\\\/site\\\/#website\",\"url\":\"https:\\\/\\\/www.colegioangloavare.com.br\\\/site\\\/\",\"name\":\"ANGLO AVAR\u00c9\",\"description\":\"Para os melhores professores, o melhor conte\u00fado. No Anglo, tudo come\u00e7a na sala de aula.\",\"potentialAction\":[{\"@type\":\"SearchAction\",\"target\":{\"@type\":\"EntryPoint\",\"urlTemplate\":\"https:\\\/\\\/www.colegioangloavare.com.br\\\/site\\\/?s={search_term_string}\"},\"query-input\":{\"@type\":\"PropertyValueSpecification\",\"valueRequired\":true,\"valueName\":\"search_term_string\"}}],\"inLanguage\":\"pt-BR\"}]}<\/script>\n<!-- \/ Yoast SEO plugin. -->","yoast_head_json":{"title":"Administra\u00e7\u00e3o - Anglo Avar\u00e9","description":"Conhe\u00e7a nossa administra\u00e7\u00e3o.","robots":{"index":"index","follow":"follow","max-snippet":"max-snippet:-1","max-image-preview":"max-image-preview:large","max-video-preview":"max-video-preview:-1"},"canonical":"https:\/\/www.colegioangloavare.com.br\/site\/administracao\/","og_locale":"pt_BR","og_type":"article","og_title":"Administra\u00e7\u00e3o - Anglo Avar\u00e9","og_description":"Conhe\u00e7a nossa administra\u00e7\u00e3o.","og_url":"https:\/\/www.colegioangloavare.com.br\/site\/administracao\/","og_site_name":"ANGLO AVAR\u00c9","article_modified_time":"2026-03-20T18:01:27+00:00","twitter_misc":{"Est. tempo de leitura":"1 minuto"},"schema":{"@context":"https:\/\/schema.org","@graph":[{"@type":"WebPage","@id":"https:\/\/www.colegioangloavare.com.br\/site\/administracao\/","url":"https:\/\/www.colegioangloavare.com.br\/site\/administracao\/","name":"Administra\u00e7\u00e3o - Anglo Avar\u00e9","isPartOf":{"@id":"https:\/\/www.colegioangloavare.com.br\/site\/#website"},"datePublished":"2013-02-06T13:12:25+00:00","dateModified":"2026-03-20T18:01:27+00:00","description":"Conhe\u00e7a nossa administra\u00e7\u00e3o.","breadcrumb":{"@id":"https:\/\/www.colegioangloavare.com.br\/site\/administracao\/#breadcrumb"},"inLanguage":"pt-BR","potentialAction":[{"@type":"ReadAction","target":["https:\/\/www.colegioangloavare.com.br\/site\/administracao\/"]}]},{"@type":"BreadcrumbList","@id":"https:\/\/www.colegioangloavare.com.br\/site\/administracao\/#breadcrumb","itemListElement":[{"@type":"ListItem","position":1,"name":"In\u00edcio","item":"https:\/\/www.colegioangloavare.com.br\/site\/"},{"@type":"ListItem","position":2,"name":"Administra\u00e7\u00e3o"}]},{"@type":"WebSite","@id":"https:\/\/www.colegioangloavare.com.br\/site\/#website","url":"https:\/\/www.colegioangloavare.com.br\/site\/","name":"ANGLO AVAR\u00c9","description":"Para os melhores professores, o melhor conte\u00fado. No Anglo, tudo come\u00e7a na sala de aula.","potentialAction":[{"@type":"SearchAction","target":{"@type":"EntryPoint","urlTemplate":"https:\/\/www.colegioangloavare.com.br\/site\/?s={search_term_string}"},"query-input":{"@type":"PropertyValueSpecification","valueRequired":true,"valueName":"search_term_string"}}],"inLanguage":"pt-BR"}]}},"jetpack_sharing_enabled":true,"_links":{"self":[{"href":"https:\/\/www.colegioangloavare.com.br\/site\/wp-json\/wp\/v2\/pages\/54","targetHints":{"allow":["GET"]}}],"collection":[{"href":"https:\/\/www.colegioangloavare.com.br\/site\/wp-json\/wp\/v2\/pages"}],"about":[{"href":"https:\/\/www.colegioangloavare.com.br\/site\/wp-json\/wp\/v2\/types\/page"}],"author":[{"embeddable":true,"href":"https:\/\/www.colegioangloavare.com.br\/site\/wp-json\/wp\/v2\/users\/3"}],"replies":[{"embeddable":true,"href":"https:\/\/www.colegioangloavare.com.br\/site\/wp-json\/wp\/v2\/comments?post=54"}],"version-history":[{"count":22,"href":"https:\/\/www.colegioangloavare.com.br\/site\/wp-json\/wp\/v2\/pages\/54\/revisions"}],"predecessor-version":[{"id":36187,"href":"https:\/\/www.colegioangloavare.com.br\/site\/wp-json\/wp\/v2\/pages\/54\/revisions\/36187"}],"wp:attachment":[{"href":"https:\/\/www.colegioangloavare.com.br\/site\/wp-json\/wp\/v2\/media?parent=54"}],"curies":[{"name":"wp","href":"https:\/\/api.w.org\/{rel}","templated":true}]}}