{"id":9,"date":"2013-02-04T13:18:44","date_gmt":"2013-02-04T13:18:44","guid":{"rendered":"http:\/\/www.colegioangloavare.com.br\/site\/?page_id=9"},"modified":"2024-05-06T14:40:09","modified_gmt":"2024-05-06T17:40:09","slug":"educacao-infantil","status":"publish","type":"page","link":"https:\/\/www.colegioangloavare.com.br\/site\/educacao-infantil\/","title":{"rendered":"Educa\u00e7\u00e3o Infantil"},"content":{"rendered":"<p>O Col\u00e9gio Universit\u00e1rio de Avar\u00e9 adota a proposta pedag\u00f3gica do Sistema Anglo de Ensino para a Educa\u00e7\u00e3o Infantil que est\u00e1 apoiada no princ\u00edpio da\u00a0<strong>Aprendizagem Ativa\u00a0<\/strong>e baseia-se no desenvolvimento sens\u00f3rio-motor: movimento, audi\u00e7\u00e3o, vis\u00e3o, tato, manipula\u00e7\u00e3o.\u00a0<strong>Estimula o uso de todos os sentidos para explorar ativamente o ambiente\u00a0<\/strong>e valoriza a criatividade da crian\u00e7a na reconstru\u00e7\u00e3o da realidade.<\/p>\n<p>Pela\u00a0<strong>experi\u00eancia direta<\/strong>, a crian\u00e7a descobre rela\u00e7\u00f5es entre os objetos e o modo como funcionam em conjunto. As atividades sugeridas envolvem manipula\u00e7\u00e3o de materiais e prop\u00f5em experi\u00eancias com instrumentos e equipamentos simples que ajudam a desenvolver a capacidade necess\u00e1ria \u00e0 execu\u00e7\u00e3o de a\u00e7\u00f5es mais controladas e complexas.<\/p>\n<p>Um dos pontos fundamentais dessa metodologia \u00e9 a imagem da crian\u00e7a como algu\u00e9m que experimenta o mundo, est\u00e1 cheia de curiosidade, \u00e9 ativa e competente.<br \/>\nAs atividades recomendadas nos Cadernos n\u00e3o s\u00e3o as \u00fanicas que as crian\u00e7as fazem na sala de aula.<\/p>\n<p>Constantemente, os alunos est\u00e3o envolvidos em outras atividades selecionadas pelo professor ou criadas pelas pr\u00f3prias crian\u00e7as.<\/p>\n<p>Para desenvolver essas atividades s\u00e3o necess\u00e1rios quatro componentes:<\/p>\n<p>\u2022\u00a0<strong>Explora\u00e7\u00e3o<\/strong>: introdu\u00e7\u00e3o da atividade com uma quest\u00e3o que desafia e ou uma atividade estimulante que fa\u00e7a com que as crian\u00e7as pensem sobre o tema. Durante todo o per\u00edodo de \u201cprovoca\u00e7\u00e3o\u201d.\u00a0 Os professores ficam atentos \u00e0s rea\u00e7\u00f5es, \u00e0s quest\u00f5es e aos coment\u00e1rios que as crian\u00e7as fazem, mas devem ser capazes tamb\u00e9m de brincar e aprender junto com elas.<\/p>\n<p>\u2022\u00a0<strong>Organiza\u00e7\u00e3o<\/strong>: as ideias das crian\u00e7as devem ser documentadas por meio de desenhos, constru\u00e7\u00f5es, fotos, imagens e da escrita.<\/p>\n<p>\u2022\u00a0<strong>Discuss\u00e3o e representa\u00e7\u00e3o<\/strong>: durante o desenvolvimento das atividades, as solu\u00e7\u00f5es, respostas e rea\u00e7\u00f5es dos alunos devem ser compartilhadas, registradas e comparadas com as ideias iniciais.<\/p>\n<p>\u2022\u00a0<strong>Conclus\u00e3o<\/strong>: as atividades devem culminar com um registro, simbolizando o que foi aprendido e conquistado. Muitas vezes, uma atividade ou um tema acaba gerando outros focos de interesse. Prop\u00f5e-se que seja feita uma s\u00edntese com as crian\u00e7as, considerando o que elas aprenderam.<\/p>\n","protected":false},"excerpt":{"rendered":"<p>O Col\u00e9gio Universit\u00e1rio de Avar\u00e9 adota a proposta pedag\u00f3gica do Sistema Anglo de Ensino para a Educa\u00e7\u00e3o Infantil que est\u00e1 apoiada no princ\u00edpio da\u00a0Aprendizagem Ativa\u00a0e baseia-se no desenvolvimento sens\u00f3rio-motor: movimento, audi\u00e7\u00e3o, vis\u00e3o,<a class=\"moretag\" href=\"https:\/\/www.colegioangloavare.com.br\/site\/educacao-infantil\/\">Read More&#8230;<\/a><\/p>\n","protected":false},"author":3,"featured_media":0,"parent":0,"menu_order":0,"comment_status":"closed","ping_status":"closed","template":"","meta":{"cybocfi_hide_featured_image":"","footnotes":""},"class_list":["post-9","page","type-page","status-publish","hentry"],"yoast_head":"<!-- This site is optimized with the Yoast SEO plugin v27.3 - https:\/\/yoast.com\/product\/yoast-seo-wordpress\/ -->\n<title>Educa\u00e7\u00e3o Infantil - Anglo Avar\u00e9<\/title>\n<meta name=\"description\" content=\"A Educa\u00e7\u00e3o Infantil est\u00e1 apoiada no princ\u00edpio da Aprendizagem Ativa e baseia-se no desenvolvimento sens\u00f3rio-motor movimento, audi\u00e7\u00e3o, vis\u00e3o, tato...\" \/>\n<meta name=\"robots\" content=\"index, follow, max-snippet:-1, max-image-preview:large, max-video-preview:-1\" \/>\n<link rel=\"canonical\" href=\"https:\/\/www.colegioangloavare.com.br\/site\/educacao-infantil\/\" \/>\n<meta property=\"og:locale\" content=\"pt_BR\" \/>\n<meta property=\"og:type\" content=\"article\" \/>\n<meta property=\"og:title\" content=\"Educa\u00e7\u00e3o Infantil - Anglo Avar\u00e9\" \/>\n<meta property=\"og:description\" content=\"A Educa\u00e7\u00e3o Infantil est\u00e1 apoiada no princ\u00edpio da Aprendizagem Ativa e baseia-se no desenvolvimento sens\u00f3rio-motor movimento, audi\u00e7\u00e3o, vis\u00e3o, tato...\" \/>\n<meta property=\"og:url\" content=\"https:\/\/www.colegioangloavare.com.br\/site\/educacao-infantil\/\" \/>\n<meta property=\"og:site_name\" content=\"ANGLO AVAR\u00c9\" \/>\n<meta property=\"article:modified_time\" content=\"2024-05-06T17:40:09+00:00\" \/>\n<meta name=\"twitter:label1\" content=\"Est. tempo de leitura\" \/>\n\t<meta name=\"twitter:data1\" content=\"2 minutos\" \/>\n<script type=\"application\/ld+json\" class=\"yoast-schema-graph\">{\"@context\":\"https:\\\/\\\/schema.org\",\"@graph\":[{\"@type\":\"WebPage\",\"@id\":\"https:\\\/\\\/www.colegioangloavare.com.br\\\/site\\\/educacao-infantil\\\/\",\"url\":\"https:\\\/\\\/www.colegioangloavare.com.br\\\/site\\\/educacao-infantil\\\/\",\"name\":\"Educa\u00e7\u00e3o Infantil - Anglo Avar\u00e9\",\"isPartOf\":{\"@id\":\"https:\\\/\\\/www.colegioangloavare.com.br\\\/site\\\/#website\"},\"datePublished\":\"2013-02-04T13:18:44+00:00\",\"dateModified\":\"2024-05-06T17:40:09+00:00\",\"description\":\"A Educa\u00e7\u00e3o Infantil est\u00e1 apoiada no princ\u00edpio da Aprendizagem Ativa e baseia-se no desenvolvimento sens\u00f3rio-motor movimento, audi\u00e7\u00e3o, vis\u00e3o, tato...\",\"breadcrumb\":{\"@id\":\"https:\\\/\\\/www.colegioangloavare.com.br\\\/site\\\/educacao-infantil\\\/#breadcrumb\"},\"inLanguage\":\"pt-BR\",\"potentialAction\":[{\"@type\":\"ReadAction\",\"target\":[\"https:\\\/\\\/www.colegioangloavare.com.br\\\/site\\\/educacao-infantil\\\/\"]}]},{\"@type\":\"BreadcrumbList\",\"@id\":\"https:\\\/\\\/www.colegioangloavare.com.br\\\/site\\\/educacao-infantil\\\/#breadcrumb\",\"itemListElement\":[{\"@type\":\"ListItem\",\"position\":1,\"name\":\"In\u00edcio\",\"item\":\"https:\\\/\\\/www.colegioangloavare.com.br\\\/site\\\/\"},{\"@type\":\"ListItem\",\"position\":2,\"name\":\"Educa\u00e7\u00e3o Infantil\"}]},{\"@type\":\"WebSite\",\"@id\":\"https:\\\/\\\/www.colegioangloavare.com.br\\\/site\\\/#website\",\"url\":\"https:\\\/\\\/www.colegioangloavare.com.br\\\/site\\\/\",\"name\":\"ANGLO AVAR\u00c9\",\"description\":\"Para os melhores professores, o melhor conte\u00fado. No Anglo, tudo come\u00e7a na sala de aula.\",\"potentialAction\":[{\"@type\":\"SearchAction\",\"target\":{\"@type\":\"EntryPoint\",\"urlTemplate\":\"https:\\\/\\\/www.colegioangloavare.com.br\\\/site\\\/?s={search_term_string}\"},\"query-input\":{\"@type\":\"PropertyValueSpecification\",\"valueRequired\":true,\"valueName\":\"search_term_string\"}}],\"inLanguage\":\"pt-BR\"}]}<\/script>\n<!-- \/ Yoast SEO plugin. -->","yoast_head_json":{"title":"Educa\u00e7\u00e3o Infantil - Anglo Avar\u00e9","description":"A Educa\u00e7\u00e3o Infantil est\u00e1 apoiada no princ\u00edpio da Aprendizagem Ativa e baseia-se no desenvolvimento sens\u00f3rio-motor movimento, audi\u00e7\u00e3o, vis\u00e3o, tato...","robots":{"index":"index","follow":"follow","max-snippet":"max-snippet:-1","max-image-preview":"max-image-preview:large","max-video-preview":"max-video-preview:-1"},"canonical":"https:\/\/www.colegioangloavare.com.br\/site\/educacao-infantil\/","og_locale":"pt_BR","og_type":"article","og_title":"Educa\u00e7\u00e3o Infantil - Anglo Avar\u00e9","og_description":"A Educa\u00e7\u00e3o Infantil est\u00e1 apoiada no princ\u00edpio da Aprendizagem Ativa e baseia-se no desenvolvimento sens\u00f3rio-motor movimento, audi\u00e7\u00e3o, vis\u00e3o, tato...","og_url":"https:\/\/www.colegioangloavare.com.br\/site\/educacao-infantil\/","og_site_name":"ANGLO AVAR\u00c9","article_modified_time":"2024-05-06T17:40:09+00:00","twitter_misc":{"Est. tempo de leitura":"2 minutos"},"schema":{"@context":"https:\/\/schema.org","@graph":[{"@type":"WebPage","@id":"https:\/\/www.colegioangloavare.com.br\/site\/educacao-infantil\/","url":"https:\/\/www.colegioangloavare.com.br\/site\/educacao-infantil\/","name":"Educa\u00e7\u00e3o Infantil - Anglo Avar\u00e9","isPartOf":{"@id":"https:\/\/www.colegioangloavare.com.br\/site\/#website"},"datePublished":"2013-02-04T13:18:44+00:00","dateModified":"2024-05-06T17:40:09+00:00","description":"A Educa\u00e7\u00e3o Infantil est\u00e1 apoiada no princ\u00edpio da Aprendizagem Ativa e baseia-se no desenvolvimento sens\u00f3rio-motor movimento, audi\u00e7\u00e3o, vis\u00e3o, tato...","breadcrumb":{"@id":"https:\/\/www.colegioangloavare.com.br\/site\/educacao-infantil\/#breadcrumb"},"inLanguage":"pt-BR","potentialAction":[{"@type":"ReadAction","target":["https:\/\/www.colegioangloavare.com.br\/site\/educacao-infantil\/"]}]},{"@type":"BreadcrumbList","@id":"https:\/\/www.colegioangloavare.com.br\/site\/educacao-infantil\/#breadcrumb","itemListElement":[{"@type":"ListItem","position":1,"name":"In\u00edcio","item":"https:\/\/www.colegioangloavare.com.br\/site\/"},{"@type":"ListItem","position":2,"name":"Educa\u00e7\u00e3o Infantil"}]},{"@type":"WebSite","@id":"https:\/\/www.colegioangloavare.com.br\/site\/#website","url":"https:\/\/www.colegioangloavare.com.br\/site\/","name":"ANGLO AVAR\u00c9","description":"Para os melhores professores, o melhor conte\u00fado. No Anglo, tudo come\u00e7a na sala de aula.","potentialAction":[{"@type":"SearchAction","target":{"@type":"EntryPoint","urlTemplate":"https:\/\/www.colegioangloavare.com.br\/site\/?s={search_term_string}"},"query-input":{"@type":"PropertyValueSpecification","valueRequired":true,"valueName":"search_term_string"}}],"inLanguage":"pt-BR"}]}},"jetpack_sharing_enabled":true,"_links":{"self":[{"href":"https:\/\/www.colegioangloavare.com.br\/site\/wp-json\/wp\/v2\/pages\/9","targetHints":{"allow":["GET"]}}],"collection":[{"href":"https:\/\/www.colegioangloavare.com.br\/site\/wp-json\/wp\/v2\/pages"}],"about":[{"href":"https:\/\/www.colegioangloavare.com.br\/site\/wp-json\/wp\/v2\/types\/page"}],"author":[{"embeddable":true,"href":"https:\/\/www.colegioangloavare.com.br\/site\/wp-json\/wp\/v2\/users\/3"}],"replies":[{"embeddable":true,"href":"https:\/\/www.colegioangloavare.com.br\/site\/wp-json\/wp\/v2\/comments?post=9"}],"version-history":[{"count":2,"href":"https:\/\/www.colegioangloavare.com.br\/site\/wp-json\/wp\/v2\/pages\/9\/revisions"}],"predecessor-version":[{"id":11,"href":"https:\/\/www.colegioangloavare.com.br\/site\/wp-json\/wp\/v2\/pages\/9\/revisions\/11"}],"wp:attachment":[{"href":"https:\/\/www.colegioangloavare.com.br\/site\/wp-json\/wp\/v2\/media?parent=9"}],"curies":[{"name":"wp","href":"https:\/\/api.w.org\/{rel}","templated":true}]}}